{"id":82,"date":"2024-01-09T11:46:51","date_gmt":"2024-01-09T10:46:51","guid":{"rendered":"https:\/\/canperetdelmoli.cat\/coaching\/?page_id=82"},"modified":"2024-01-11T18:41:57","modified_gmt":"2024-01-11T17:41:57","slug":"que-es-el-coaching","status":"publish","type":"page","link":"https:\/\/canperetdelmoli.cat\/coaching\/que-es-el-coaching\/","title":{"rendered":"Qu\u00e8 \u00e9s el coaching"},"content":{"rendered":"\n<p class=\"has-medium-font-size\">El coaching amb cavalls \u00e9s una pr\u00e0ctica relativament nova que est\u00e0 agafant for\u00e7a volada degut als resultats que aconsegueix la gent que s\u2019embarca en aquest viatge sense retorn. HI ha qui pensa que \u00e9s una pr\u00e0ctica m\u00e9s enfocada a empreses o a grups, probablement pel fet que s\u2019hagin pogut popularitzar degut a aquest sector, per\u00f2 la veritat \u00e9s que existeix una branca anomenada el coaching de vida, el qual consisteix a acompanyar a les persones amb el seu propi proc\u00e9s personal per assolir el que desitgen.<\/p>\n\n\n<blockquote>\n<p><em>El coaching amb cavalls \u00e9s una porta que et permet re-connectar amb el teu jo interior per aconseguir els canvis que desitges. <\/em><\/p>\n<\/blockquote>\n\n<div class=\"wp-block-image\">\n<figure class=\"aligncenter size-large\"><img loading=\"lazy\" decoding=\"async\" width=\"461\" height=\"1024\" src=\"https:\/\/canperetdelmoli.cat\/coaching\/wp-content\/uploads\/2024\/01\/9f9b94ef-4478-490c-b5b3-c51ab9fc82c4-461x1024.jpg\" alt=\"\" class=\"wp-image-155\" srcset=\"https:\/\/canperetdelmoli.cat\/coaching\/wp-content\/uploads\/2024\/01\/9f9b94ef-4478-490c-b5b3-c51ab9fc82c4-461x1024.jpg 461w, https:\/\/canperetdelmoli.cat\/coaching\/wp-content\/uploads\/2024\/01\/9f9b94ef-4478-490c-b5b3-c51ab9fc82c4-135x300.jpg 135w, https:\/\/canperetdelmoli.cat\/coaching\/wp-content\/uploads\/2024\/01\/9f9b94ef-4478-490c-b5b3-c51ab9fc82c4-691x1536.jpg 691w, https:\/\/canperetdelmoli.cat\/coaching\/wp-content\/uploads\/2024\/01\/9f9b94ef-4478-490c-b5b3-c51ab9fc82c4-5x12.jpg 5w, https:\/\/canperetdelmoli.cat\/coaching\/wp-content\/uploads\/2024\/01\/9f9b94ef-4478-490c-b5b3-c51ab9fc82c4.jpg 720w\" sizes=\"auto, (max-width: 461px) 100vw, 461px\" \/><\/figure>\n<\/div>\n\n\n<p><\/p>\n\n\n\n<p><\/p>\n\n\n\n<p class=\"has-medium-font-size\">Tamb\u00e9 \u00e9s for\u00e7a habitual que s\u2019associ\u00ef l\u2019acompanyament amb els cavalls amb una ter\u00e0pia i si que \u00e9s cert que hi ha branques com l\u2019equinoterapia o la ter\u00e0pia assistida amb cavalls, que com el seu nom indica, si que realitzen ter\u00e0pies amb els cavalls, per\u00f2 en el cas del coaching amb cavalls, cal remarcar que no es tracta de cap ter\u00e0pia, sin\u00f3 que \u00e9s un acompanyament que permet a la persona que ho experimenta treballar amb els seus propis valors i aptituds per assolir els objectius que s\u2019hagi fixat. Alguns exemples amb el que et podem acompanyar s\u00f3n:<\/p>\n\n\n\n<ul class=\"wp-block-list\">\n<li class=\"has-medium-font-size\">Treballar l\u2019autoestima.<\/li>\n\n\n\n<li class=\"has-medium-font-size\">Dificultat en la comunicaci\u00f3.<\/li>\n\n\n\n<li class=\"has-medium-font-size\">Arribar a una meta fixada.<\/li>\n\n\n\n<li class=\"has-medium-font-size\">Prendre una decisi\u00f3.<\/li>\n\n\n\n<li class=\"has-medium-font-size\">Lideratge (personal, familiar, empresarial, ve\u00efnal&#8230;)<\/li>\n\n\n\n<li class=\"has-medium-font-size\">Bloquejos familiars.<\/li>\n\n\n\n<li class=\"has-medium-font-size\">Re-connectar-te amb la teva ess\u00e8ncia.<\/li>\n\n\n\n<li class=\"has-medium-font-size\">Realitzar un canvi desitjat en la teva vida o entorn.<\/li>\n<\/ul>\n\n\n\n<p class=\"has-medium-font-size\">M\u00e9s enll\u00e0 d\u2019aquests exemples, el ventall de possibilitats \u00e9s molt extens, sempre i quan treballem des del present fins al futur, evitant caure en el que seria una ter\u00e0pia, on es treballaria amb temes relacionats amb el passat.<\/p>\n\n\n\n<p class=\"has-medium-font-size\">El coaching amb cavalls acompanya en processos personals concrets i definits perqu\u00e8 el client pugui arribar a la seva pr\u00f2pia soluci\u00f3 sense crear una relaci\u00f3 de depend\u00e8ncia amb el coach. Els cavalls ens acompanyen en aquesta tasca i redueixen el temps que el client necessita per connectar-se amb si mateix i poder transmetre el que realment necessita o sent en aquell moment.<\/p>\n\n\n\n<p class=\"has-medium-font-size\"><\/p>\n\n\n<div class=\"wp-block-image\">\n<figure class=\"aligncenter size-large\"><img loading=\"lazy\" decoding=\"async\" width=\"1024\" height=\"768\" src=\"https:\/\/canperetdelmoli.cat\/coaching\/wp-content\/uploads\/2024\/01\/9-1024x768.jpg\" alt=\"\" class=\"wp-image-115\" srcset=\"https:\/\/canperetdelmoli.cat\/coaching\/wp-content\/uploads\/2024\/01\/9-1024x768.jpg 1024w, https:\/\/canperetdelmoli.cat\/coaching\/wp-content\/uploads\/2024\/01\/9-300x225.jpg 300w, https:\/\/canperetdelmoli.cat\/coaching\/wp-content\/uploads\/2024\/01\/9-768x576.jpg 768w, https:\/\/canperetdelmoli.cat\/coaching\/wp-content\/uploads\/2024\/01\/9-1536x1152.jpg 1536w, https:\/\/canperetdelmoli.cat\/coaching\/wp-content\/uploads\/2024\/01\/9.jpg 2016w\" sizes=\"auto, (max-width: 1024px) 100vw, 1024px\" \/><\/figure>\n<\/div>","protected":false},"excerpt":{"rendered":"<p>El coaching amb cavalls \u00e9s una pr\u00e0ctica relativament nova que est\u00e0 agafant for\u00e7a volada degut als resultats que aconsegueix la gent que s\u2019embarca en aquest viatge sense retorn. HI ha qui pensa que \u00e9s una pr\u00e0ctica m\u00e9s enfocada a empreses o a grups, probablement pel fet que s\u2019hagin pogut popularitzar degut a aquest sector, per\u00f2 &#8230; <a title=\"Qu\u00e8 \u00e9s el coaching\" class=\"read-more\" href=\"https:\/\/canperetdelmoli.cat\/coaching\/que-es-el-coaching\/\" aria-label=\"M\u00e9s informaci\u00f3 sobre Qu\u00e8 \u00e9s el coaching\">Llegiu m\u00e9s<\/a><\/p>\n","protected":false},"author":1,"featured_media":0,"parent":0,"menu_order":0,"comment_status":"closed","ping_status":"closed","template":"","meta":{"ngg_post_thumbnail":0,"footnotes":""},"class_list":["post-82","page","type-page","status-publish"],"yoast_head":"<!-- This site is optimized with the Yoast SEO plugin v25.1 - https:\/\/yoast.com\/wordpress\/plugins\/seo\/ -->\n<title>Qu\u00e8 \u00e9s el coaching - Coaching CanPeret del Moli<\/title>\n<meta name=\"robots\" content=\"index, follow, max-snippet:-1, max-image-preview:large, max-video-preview:-1\" \/>\n<link rel=\"canonical\" href=\"https:\/\/canperetdelmoli.cat\/coaching\/que-es-el-coaching\/\" \/>\n<meta property=\"og:locale\" content=\"ca_ES\" \/>\n<meta property=\"og:type\" content=\"article\" \/>\n<meta property=\"og:title\" content=\"Qu\u00e8 \u00e9s el coaching - Coaching CanPeret del Moli\" \/>\n<meta property=\"og:description\" content=\"El coaching amb cavalls \u00e9s una pr\u00e0ctica relativament nova que est\u00e0 agafant for\u00e7a volada degut als resultats que aconsegueix la gent que s\u2019embarca en aquest viatge sense retorn. HI ha qui pensa que \u00e9s una pr\u00e0ctica m\u00e9s enfocada a empreses o a grups, probablement pel fet que s\u2019hagin pogut popularitzar degut a aquest sector, per\u00f2 ... Llegiu m\u00e9s\" \/>\n<meta property=\"og:url\" content=\"https:\/\/canperetdelmoli.cat\/coaching\/que-es-el-coaching\/\" \/>\n<meta property=\"og:site_name\" content=\"Coaching CanPeret del Moli\" \/>\n<meta property=\"article:modified_time\" content=\"2024-01-11T17:41:57+00:00\" \/>\n<meta property=\"og:image\" content=\"https:\/\/canperetdelmoli.cat\/coaching\/wp-content\/uploads\/2024\/01\/9f9b94ef-4478-490c-b5b3-c51ab9fc82c4-461x1024.jpg\" \/>\n<meta name=\"twitter:card\" content=\"summary_large_image\" \/>\n<meta name=\"twitter:label1\" content=\"Temps estimat de lectura\" \/>\n\t<meta name=\"twitter:data1\" content=\"2 minuts\" \/>\n<script type=\"application\/ld+json\" class=\"yoast-schema-graph\">{\"@context\":\"https:\/\/schema.org\",\"@graph\":[{\"@type\":\"WebPage\",\"@id\":\"https:\/\/canperetdelmoli.cat\/coaching\/que-es-el-coaching\/\",\"url\":\"https:\/\/canperetdelmoli.cat\/coaching\/que-es-el-coaching\/\",\"name\":\"Qu\u00e8 \u00e9s el coaching - Coaching CanPeret del Moli\",\"isPartOf\":{\"@id\":\"https:\/\/canperetdelmoli.cat\/coaching\/#website\"},\"primaryImageOfPage\":{\"@id\":\"https:\/\/canperetdelmoli.cat\/coaching\/que-es-el-coaching\/#primaryimage\"},\"image\":{\"@id\":\"https:\/\/canperetdelmoli.cat\/coaching\/que-es-el-coaching\/#primaryimage\"},\"thumbnailUrl\":\"https:\/\/canperetdelmoli.cat\/coaching\/wp-content\/uploads\/2024\/01\/9f9b94ef-4478-490c-b5b3-c51ab9fc82c4-461x1024.jpg\",\"datePublished\":\"2024-01-09T10:46:51+00:00\",\"dateModified\":\"2024-01-11T17:41:57+00:00\",\"breadcrumb\":{\"@id\":\"https:\/\/canperetdelmoli.cat\/coaching\/que-es-el-coaching\/#breadcrumb\"},\"inLanguage\":\"ca\",\"potentialAction\":[{\"@type\":\"ReadAction\",\"target\":[\"https:\/\/canperetdelmoli.cat\/coaching\/que-es-el-coaching\/\"]}]},{\"@type\":\"ImageObject\",\"inLanguage\":\"ca\",\"@id\":\"https:\/\/canperetdelmoli.cat\/coaching\/que-es-el-coaching\/#primaryimage\",\"url\":\"https:\/\/canperetdelmoli.cat\/coaching\/wp-content\/uploads\/2024\/01\/9f9b94ef-4478-490c-b5b3-c51ab9fc82c4.jpg\",\"contentUrl\":\"https:\/\/canperetdelmoli.cat\/coaching\/wp-content\/uploads\/2024\/01\/9f9b94ef-4478-490c-b5b3-c51ab9fc82c4.jpg\",\"width\":720,\"height\":1600},{\"@type\":\"BreadcrumbList\",\"@id\":\"https:\/\/canperetdelmoli.cat\/coaching\/que-es-el-coaching\/#breadcrumb\",\"itemListElement\":[{\"@type\":\"ListItem\",\"position\":1,\"name\":\"Inici\",\"item\":\"https:\/\/canperetdelmoli.cat\/coaching\/\"},{\"@type\":\"ListItem\",\"position\":2,\"name\":\"Qu\u00e8 \u00e9s el coaching\"}]},{\"@type\":\"WebSite\",\"@id\":\"https:\/\/canperetdelmoli.cat\/coaching\/#website\",\"url\":\"https:\/\/canperetdelmoli.cat\/coaching\/\",\"name\":\"Coaching CanPeret del Moli\",\"description\":\"\",\"publisher\":{\"@id\":\"https:\/\/canperetdelmoli.cat\/coaching\/#\/schema\/person\/2232f6b2c28ff4fa727398dbd1ed6281\"},\"potentialAction\":[{\"@type\":\"SearchAction\",\"target\":{\"@type\":\"EntryPoint\",\"urlTemplate\":\"https:\/\/canperetdelmoli.cat\/coaching\/?s={search_term_string}\"},\"query-input\":{\"@type\":\"PropertyValueSpecification\",\"valueRequired\":true,\"valueName\":\"search_term_string\"}}],\"inLanguage\":\"ca\"},{\"@type\":[\"Person\",\"Organization\"],\"@id\":\"https:\/\/canperetdelmoli.cat\/coaching\/#\/schema\/person\/2232f6b2c28ff4fa727398dbd1ed6281\",\"name\":\"Arnau Rubio\",\"image\":{\"@type\":\"ImageObject\",\"inLanguage\":\"ca\",\"@id\":\"https:\/\/canperetdelmoli.cat\/coaching\/#\/schema\/person\/image\/\",\"url\":\"https:\/\/canperetdelmoli.cat\/coaching\/wp-content\/uploads\/2024\/01\/cropped-logo_web_coaching_600.png\",\"contentUrl\":\"https:\/\/canperetdelmoli.cat\/coaching\/wp-content\/uploads\/2024\/01\/cropped-logo_web_coaching_600.png\",\"width\":600,\"height\":597,\"caption\":\"Arnau Rubio\"},\"logo\":{\"@id\":\"https:\/\/canperetdelmoli.cat\/coaching\/#\/schema\/person\/image\/\"}}]}<\/script>\n<!-- \/ Yoast SEO plugin. -->","yoast_head_json":{"title":"Qu\u00e8 \u00e9s el coaching - Coaching CanPeret del Moli","robots":{"index":"index","follow":"follow","max-snippet":"max-snippet:-1","max-image-preview":"max-image-preview:large","max-video-preview":"max-video-preview:-1"},"canonical":"https:\/\/canperetdelmoli.cat\/coaching\/que-es-el-coaching\/","og_locale":"ca_ES","og_type":"article","og_title":"Qu\u00e8 \u00e9s el coaching - Coaching CanPeret del Moli","og_description":"El coaching amb cavalls \u00e9s una pr\u00e0ctica relativament nova que est\u00e0 agafant for\u00e7a volada degut als resultats que aconsegueix la gent que s\u2019embarca en aquest viatge sense retorn. HI ha qui pensa que \u00e9s una pr\u00e0ctica m\u00e9s enfocada a empreses o a grups, probablement pel fet que s\u2019hagin pogut popularitzar degut a aquest sector, per\u00f2 ... Llegiu m\u00e9s","og_url":"https:\/\/canperetdelmoli.cat\/coaching\/que-es-el-coaching\/","og_site_name":"Coaching CanPeret del Moli","article_modified_time":"2024-01-11T17:41:57+00:00","og_image":[{"url":"https:\/\/canperetdelmoli.cat\/coaching\/wp-content\/uploads\/2024\/01\/9f9b94ef-4478-490c-b5b3-c51ab9fc82c4-461x1024.jpg","type":"","width":"","height":""}],"twitter_card":"summary_large_image","twitter_misc":{"Temps estimat de lectura":"2 minuts"},"schema":{"@context":"https:\/\/schema.org","@graph":[{"@type":"WebPage","@id":"https:\/\/canperetdelmoli.cat\/coaching\/que-es-el-coaching\/","url":"https:\/\/canperetdelmoli.cat\/coaching\/que-es-el-coaching\/","name":"Qu\u00e8 \u00e9s el coaching - Coaching CanPeret del Moli","isPartOf":{"@id":"https:\/\/canperetdelmoli.cat\/coaching\/#website"},"primaryImageOfPage":{"@id":"https:\/\/canperetdelmoli.cat\/coaching\/que-es-el-coaching\/#primaryimage"},"image":{"@id":"https:\/\/canperetdelmoli.cat\/coaching\/que-es-el-coaching\/#primaryimage"},"thumbnailUrl":"https:\/\/canperetdelmoli.cat\/coaching\/wp-content\/uploads\/2024\/01\/9f9b94ef-4478-490c-b5b3-c51ab9fc82c4-461x1024.jpg","datePublished":"2024-01-09T10:46:51+00:00","dateModified":"2024-01-11T17:41:57+00:00","breadcrumb":{"@id":"https:\/\/canperetdelmoli.cat\/coaching\/que-es-el-coaching\/#breadcrumb"},"inLanguage":"ca","potentialAction":[{"@type":"ReadAction","target":["https:\/\/canperetdelmoli.cat\/coaching\/que-es-el-coaching\/"]}]},{"@type":"ImageObject","inLanguage":"ca","@id":"https:\/\/canperetdelmoli.cat\/coaching\/que-es-el-coaching\/#primaryimage","url":"https:\/\/canperetdelmoli.cat\/coaching\/wp-content\/uploads\/2024\/01\/9f9b94ef-4478-490c-b5b3-c51ab9fc82c4.jpg","contentUrl":"https:\/\/canperetdelmoli.cat\/coaching\/wp-content\/uploads\/2024\/01\/9f9b94ef-4478-490c-b5b3-c51ab9fc82c4.jpg","width":720,"height":1600},{"@type":"BreadcrumbList","@id":"https:\/\/canperetdelmoli.cat\/coaching\/que-es-el-coaching\/#breadcrumb","itemListElement":[{"@type":"ListItem","position":1,"name":"Inici","item":"https:\/\/canperetdelmoli.cat\/coaching\/"},{"@type":"ListItem","position":2,"name":"Qu\u00e8 \u00e9s el coaching"}]},{"@type":"WebSite","@id":"https:\/\/canperetdelmoli.cat\/coaching\/#website","url":"https:\/\/canperetdelmoli.cat\/coaching\/","name":"Coaching CanPeret del Moli","description":"","publisher":{"@id":"https:\/\/canperetdelmoli.cat\/coaching\/#\/schema\/person\/2232f6b2c28ff4fa727398dbd1ed6281"},"potentialAction":[{"@type":"SearchAction","target":{"@type":"EntryPoint","urlTemplate":"https:\/\/canperetdelmoli.cat\/coaching\/?s={search_term_string}"},"query-input":{"@type":"PropertyValueSpecification","valueRequired":true,"valueName":"search_term_string"}}],"inLanguage":"ca"},{"@type":["Person","Organization"],"@id":"https:\/\/canperetdelmoli.cat\/coaching\/#\/schema\/person\/2232f6b2c28ff4fa727398dbd1ed6281","name":"Arnau Rubio","image":{"@type":"ImageObject","inLanguage":"ca","@id":"https:\/\/canperetdelmoli.cat\/coaching\/#\/schema\/person\/image\/","url":"https:\/\/canperetdelmoli.cat\/coaching\/wp-content\/uploads\/2024\/01\/cropped-logo_web_coaching_600.png","contentUrl":"https:\/\/canperetdelmoli.cat\/coaching\/wp-content\/uploads\/2024\/01\/cropped-logo_web_coaching_600.png","width":600,"height":597,"caption":"Arnau Rubio"},"logo":{"@id":"https:\/\/canperetdelmoli.cat\/coaching\/#\/schema\/person\/image\/"}}]}},"_links":{"self":[{"href":"https:\/\/canperetdelmoli.cat\/coaching\/wp-json\/wp\/v2\/pages\/82","targetHints":{"allow":["GET"]}}],"collection":[{"href":"https:\/\/canperetdelmoli.cat\/coaching\/wp-json\/wp\/v2\/pages"}],"about":[{"href":"https:\/\/canperetdelmoli.cat\/coaching\/wp-json\/wp\/v2\/types\/page"}],"author":[{"embeddable":true,"href":"https:\/\/canperetdelmoli.cat\/coaching\/wp-json\/wp\/v2\/users\/1"}],"replies":[{"embeddable":true,"href":"https:\/\/canperetdelmoli.cat\/coaching\/wp-json\/wp\/v2\/comments?post=82"}],"version-history":[{"count":9,"href":"https:\/\/canperetdelmoli.cat\/coaching\/wp-json\/wp\/v2\/pages\/82\/revisions"}],"predecessor-version":[{"id":253,"href":"https:\/\/canperetdelmoli.cat\/coaching\/wp-json\/wp\/v2\/pages\/82\/revisions\/253"}],"wp:attachment":[{"href":"https:\/\/canperetdelmoli.cat\/coaching\/wp-json\/wp\/v2\/media?parent=82"}],"curies":[{"name":"wp","href":"https:\/\/api.w.org\/{rel}","templated":true}]}}