{"id":18,"date":"2024-01-05T09:40:34","date_gmt":"2024-01-05T08:40:34","guid":{"rendered":"https:\/\/canperetdelmoli.cat\/coaching\/?page_id=18"},"modified":"2024-01-14T19:29:11","modified_gmt":"2024-01-14T18:29:11","slug":"qui-soc","status":"publish","type":"page","link":"https:\/\/canperetdelmoli.cat\/coaching\/qui-soc\/","title":{"rendered":"Qui S\u00f3c"},"content":{"rendered":"\n<div class=\"wp-block-columns is-layout-flex wp-container-core-columns-is-layout-9d6595d7 wp-block-columns-is-layout-flex\">\n<div class=\"wp-block-column is-layout-flow wp-block-column-is-layout-flow\">\n<p class=\"has-large-font-size\">Em dic Arnau Rubi\u00f3, s\u00f3c un noi que de ben jove ja estava molt lligat a la natura, sobretot fent excursions a la muntanya, caminant o fent esport.<\/p>\n\n\n\n<p class=\"has-background has-medium-font-size\" style=\"background-color:#8fac6dba\">L\u2019any 2006 vaig tenir el meu primer contacte amb el m\u00f3n dels cavalls, on de tant en tant, anava a una h\u00edpica per aprendre a muntar i per con\u00e8ixer&#8217;ls de m\u00e9s a prop. Gr\u00e0cies a aix\u00f2, vaig poder aprendre m\u00e9s d\u2019aquest animal, el seu manteniment, com es relacionen, el seu llenguatge, la seva sensibilitat i transpar\u00e8ncia.<\/p>\n\n\n\n<p class=\"has-background has-medium-font-size\" style=\"background-color:#96af79d1\">Des d\u2019aquest moment, any darrere any, vaig intentar mantenir aquesta connexi\u00f3 amb els cavalls segons em permet\u00e9s el meu estil de vida.<br>Al 2016, despr\u00e9s de 8 anys fent de comptable en diverses empreses, vaig decidir deixar-ho tot i ser fidel als meus valors i principis i marxar, sense data de tornada, a col\u2022laborar amb un santuari d\u2019animals als alps su\u00efssos. Em sentia empresonat entre quatre parets, davant d\u2019una feina mon\u00f2tona i que em desconnectava cada dia m\u00e9s de la meva autenticitat i ess\u00e8ncia.<\/p>\n\n\n\n<figure class=\"wp-block-image size-large\"><img loading=\"lazy\" decoding=\"async\" width=\"1024\" height=\"683\" src=\"https:\/\/canperetdelmoli.cat\/coaching\/wp-content\/uploads\/2024\/01\/arnau2-1024x683.jpg\" alt=\"\" class=\"wp-image-13\" srcset=\"https:\/\/canperetdelmoli.cat\/coaching\/wp-content\/uploads\/2024\/01\/arnau2-1024x683.jpg 1024w, https:\/\/canperetdelmoli.cat\/coaching\/wp-content\/uploads\/2024\/01\/arnau2-300x200.jpg 300w, https:\/\/canperetdelmoli.cat\/coaching\/wp-content\/uploads\/2024\/01\/arnau2-768x512.jpg 768w, https:\/\/canperetdelmoli.cat\/coaching\/wp-content\/uploads\/2024\/01\/arnau2.jpg 1299w\" sizes=\"auto, (max-width: 1024px) 100vw, 1024px\" \/><\/figure>\n<\/div>\n<\/div>\n\n\n\n<div class=\"wp-block-columns is-layout-flex wp-container-core-columns-is-layout-9d6595d7 wp-block-columns-is-layout-flex\">\n<div class=\"wp-block-column is-layout-flow wp-block-column-is-layout-flow\">\n<p class=\"has-gradient-4-gradient-background has-background\" style=\"font-size:16px\"><em>Vaig estar 8 mesos treballant en un santuari on hi havia 200 ovelles, 25 vaques i 10 cavalls, envoltat de naturalesa pura a 1500 metres d\u2019altitud<\/em><\/p>\n\n\n\n<p class=\"has-medium-font-size\">Un cop vaig re-connectar amb la meva ess\u00e8ncia, vaig decidir que no em volia sentir empresonat mai m\u00e9s i que volia viure i treballar en un entorn envoltat de naturalesa i animals.<\/p>\n<\/div>\n<\/div>\n\n\n\n<div class=\"wp-block-cover has-parallax\"><span aria-hidden=\"true\" class=\"wp-block-cover__background has-background-dim\"><\/span><div role=\"img\" class=\"wp-block-cover__image-background wp-image-112 has-parallax\" style=\"background-position:50% 50%;background-image:url(https:\/\/canperetdelmoli.cat\/coaching\/wp-content\/uploads\/2024\/01\/6.jpg)\"><\/div><div class=\"wp-block-cover__inner-container is-layout-constrained wp-block-cover-is-layout-constrained\">\n<p class=\"has-text-align-center has-large-font-size\"><\/p>\n<\/div><\/div>\n\n\n\n<div class=\"wp-block-columns is-layout-flex wp-container-core-columns-is-layout-9d6595d7 wp-block-columns-is-layout-flex\">\n<div class=\"wp-block-column is-layout-flow wp-block-column-is-layout-flow\">\n<pre class=\"wp-block-preformatted has-base-3-background-color has-background has-medium-font-size\"><em>Quan vaig tornar a Catalunya, em vaig posar a treballar en una granja escola, com a masover i com a dinamitzador d\u2019activitats, fet que em permetia donar a con\u00e8ixer als m\u00e9s joves la riquesa i puresa de la naturalesa.<\/em><\/pre>\n<\/div>\n<\/div>\n\n\n<div class=\"wp-block-image\">\n<figure class=\"aligncenter size-full\"><img loading=\"lazy\" decoding=\"async\" width=\"425\" height=\"319\" src=\"https:\/\/canperetdelmoli.cat\/coaching\/wp-content\/uploads\/2024\/01\/granja_escola.jpg\" alt=\"\" class=\"wp-image-16\" srcset=\"https:\/\/canperetdelmoli.cat\/coaching\/wp-content\/uploads\/2024\/01\/granja_escola.jpg 425w, https:\/\/canperetdelmoli.cat\/coaching\/wp-content\/uploads\/2024\/01\/granja_escola-300x225.jpg 300w\" sizes=\"auto, (max-width: 425px) 100vw, 425px\" \/><\/figure>\n<\/div>\n\n\n<p class=\"has-medium-font-size\">Un cop la propiet\u00e0ria de la granja escola va decidir jubilar-se, vaig decidir marxar a viatjar per l&#8217;\u00cdndia amb motxilla, sense cap itinerari i sense data de tornada, amb la intenci\u00f3 de con\u00e8ixer la cultura, el pa\u00eds, la seva gent i sense pensar en res m\u00e9s que en el present.<\/p>\n\n\n\n<p class=\"has-background has-medium-font-size\" style=\"background-color:#96af79d1\">\u00c9s curi\u00f3s que fins i tot all\u00e0, vaig tenir contacte amb els cavalls, ja que vaig estar col\u00b7laborant dos mesos en una granja de permacultura a Auroville. All\u00e0 vaig poder ajudar a un cavall que tenia problemes per relacionar-se i musculars, degut a que com no el podien controlar, no el treien i per tant la seva musculatura s\u2019havia atrofiat. Despr\u00e9s de 8 mesos creuant sol l&#8217;\u00cdndia de Sud a Nord vaig decidir tornar. Gr\u00e0cies a que em vaig posar a compartir masia amb altres persones, em va permetre tenir un espai per poder comen\u00e7ar a rescatar cavalls i oferir-los un altre estil de vida.<\/p>\n\n\n\n<p class=\"has-medium-font-size\">Aix\u00ed doncs, l\u2019any 2019 va ser quan van arribar a la meva vida la Martina i la Divina i un any despr\u00e9s va arribar la Ribaya.<\/p>\n\n\n<div class=\"wp-block-image\">\n<figure class=\"aligncenter size-large\"><img loading=\"lazy\" decoding=\"async\" width=\"1024\" height=\"768\" src=\"https:\/\/canperetdelmoli.cat\/coaching\/wp-content\/uploads\/2024\/01\/IMG_2568-1-1024x768.jpg\" alt=\"\" class=\"wp-image-36\" srcset=\"https:\/\/canperetdelmoli.cat\/coaching\/wp-content\/uploads\/2024\/01\/IMG_2568-1-1024x768.jpg 1024w, https:\/\/canperetdelmoli.cat\/coaching\/wp-content\/uploads\/2024\/01\/IMG_2568-1-300x225.jpg 300w, https:\/\/canperetdelmoli.cat\/coaching\/wp-content\/uploads\/2024\/01\/IMG_2568-1-768x576.jpg 768w, https:\/\/canperetdelmoli.cat\/coaching\/wp-content\/uploads\/2024\/01\/IMG_2568-1-1536x1152.jpg 1536w, https:\/\/canperetdelmoli.cat\/coaching\/wp-content\/uploads\/2024\/01\/IMG_2568-1-2048x1536.jpg 2048w\" sizes=\"auto, (max-width: 1024px) 100vw, 1024px\" \/><\/figure>\n<\/div>\n\n\n<p><\/p>\n\n\n\n<p class=\"has-background has-medium-font-size\" style=\"background-color:#96af79d1\">Al tenir-les a casa i a l&#8217;anar compartint estones, cada cop interactuava amb elles d\u2019una manera molt especial i diferent del que jo coneixia. Aix\u00f2 em provocava menys ganes de muntar-les i m\u00e9s ganes de connectar-hi des del mateix nivell a peu de terra. A partir d\u2019aquest moment, va comen\u00e7ar a n\u00e9ixer dins meu la il\u00b7lusi\u00f3 de poder connectar amb elles d\u2019una forma diferent. Despr\u00e9s de molt buscar, vaig topar amb el coaching amb cavalls i em va captivar la seva filosofia i la seva manera de veure a aquests animals. Degut a la covid i a la situaci\u00f3 d\u2019aquell moment no em vaig poder permetre comen\u00e7ar a formar-me.<\/p>\n\n\n\n<p><\/p>\n\n\n\n<p class=\"has-medium-font-size\">M\u00e9s tard vaig con\u00e8ixer la Carla, la meva parella i mentre jo em dedicava a rescatar cavalls i a donar-los una nova vida, ella es dedicava a rescatar ases.<\/p>\n\n\n\n<p class=\"has-background has-medium-font-size\" style=\"background-color:#96af79d1\">Aleshores vam trobar una masia derru\u00efda al poble de Seriny\u00e0 i ens vam embarcar en una nova aventura. Aix\u00ed doncs, vam decidir arreglar-la per poder crear aquest espai tant m\u00e0gic que dia darrere dia va creixent sota el nom de Can Peret del Mol\u00ed. Va ser aqu\u00ed on vam ajuntar aquesta meravellosa fam\u00edlia equina de tres eugues i tres ases.<\/p>\n\n\n\n<figure class=\"wp-block-image size-large\"><img loading=\"lazy\" decoding=\"async\" width=\"1024\" height=\"768\" src=\"https:\/\/canperetdelmoli.cat\/coaching\/wp-content\/uploads\/2024\/01\/IMG_2332-1024x768.jpg\" alt=\"\" class=\"wp-image-37\" srcset=\"https:\/\/canperetdelmoli.cat\/coaching\/wp-content\/uploads\/2024\/01\/IMG_2332-1024x768.jpg 1024w, https:\/\/canperetdelmoli.cat\/coaching\/wp-content\/uploads\/2024\/01\/IMG_2332-300x225.jpg 300w, https:\/\/canperetdelmoli.cat\/coaching\/wp-content\/uploads\/2024\/01\/IMG_2332-768x576.jpg 768w, https:\/\/canperetdelmoli.cat\/coaching\/wp-content\/uploads\/2024\/01\/IMG_2332-1536x1152.jpg 1536w, https:\/\/canperetdelmoli.cat\/coaching\/wp-content\/uploads\/2024\/01\/IMG_2332-2048x1536.jpg 2048w\" sizes=\"auto, (max-width: 1024px) 100vw, 1024px\" \/><\/figure>\n\n\n\n<p><\/p>\n\n\n\n<p class=\"has-medium-font-size\">L&#8217;any 2023 vaig decidir prendre una decisi\u00f3 important a la meva vida i formar-me amb coaching amb cavalls amb l&#8217;escola Equilibri, mitjan\u00e7ant la formaci\u00f3 superior amb coaching amb cavalls i desenvolupament emocional. Gr\u00e0cies a aquesta formaci\u00f3 he pogut connectar amb els meus cavalls d&#8217;una manera molt diferent i fer del coaching el meu estil de vida. Despr\u00e9s de molts mesos de formaci\u00f3 i moltes experi\u00e8ncies viscudes, em sento amb la responsabilitat d&#8217;intentar retornar el m\u00e0xim possible totes aquestes sensacions i compartir-ho amb el m\u00e0xim possible de gent. <\/p>\n","protected":false},"excerpt":{"rendered":"<p>Em dic Arnau Rubi\u00f3, s\u00f3c un noi que de ben jove ja estava molt lligat a la natura, sobretot fent excursions a la muntanya, caminant o fent esport. L\u2019any 2006 vaig tenir el meu primer contacte amb el m\u00f3n dels cavalls, on de tant en tant, anava a una h\u00edpica per aprendre a muntar i &#8230; <a title=\"Qui S\u00f3c\" class=\"read-more\" href=\"https:\/\/canperetdelmoli.cat\/coaching\/qui-soc\/\" aria-label=\"M\u00e9s informaci\u00f3 sobre Qui S\u00f3c\">Llegiu m\u00e9s<\/a><\/p>\n","protected":false},"author":1,"featured_media":0,"parent":0,"menu_order":0,"comment_status":"closed","ping_status":"closed","template":"","meta":{"ngg_post_thumbnail":0,"footnotes":""},"class_list":["post-18","page","type-page","status-publish"],"yoast_head":"<!-- This site is optimized with the Yoast SEO plugin v25.1 - https:\/\/yoast.com\/wordpress\/plugins\/seo\/ -->\n<title>Qui S\u00f3c - Coaching CanPeret del Moli<\/title>\n<meta name=\"robots\" content=\"index, follow, max-snippet:-1, max-image-preview:large, max-video-preview:-1\" \/>\n<link rel=\"canonical\" href=\"https:\/\/canperetdelmoli.cat\/coaching\/qui-soc\/\" \/>\n<meta property=\"og:locale\" content=\"ca_ES\" \/>\n<meta property=\"og:type\" content=\"article\" \/>\n<meta property=\"og:title\" content=\"Qui S\u00f3c - Coaching CanPeret del Moli\" \/>\n<meta property=\"og:description\" content=\"Em dic Arnau Rubi\u00f3, s\u00f3c un noi que de ben jove ja estava molt lligat a la natura, sobretot fent excursions a la muntanya, caminant o fent esport. L\u2019any 2006 vaig tenir el meu primer contacte amb el m\u00f3n dels cavalls, on de tant en tant, anava a una h\u00edpica per aprendre a muntar i ... Llegiu m\u00e9s\" \/>\n<meta property=\"og:url\" content=\"https:\/\/canperetdelmoli.cat\/coaching\/qui-soc\/\" \/>\n<meta property=\"og:site_name\" content=\"Coaching CanPeret del Moli\" \/>\n<meta property=\"article:modified_time\" content=\"2024-01-14T18:29:11+00:00\" \/>\n<meta property=\"og:image\" content=\"https:\/\/canperetdelmoli.cat\/coaching\/wp-content\/uploads\/2024\/01\/arnau2-1024x683.jpg\" \/>\n<meta name=\"twitter:card\" content=\"summary_large_image\" \/>\n<meta name=\"twitter:label1\" content=\"Temps estimat de lectura\" \/>\n\t<meta name=\"twitter:data1\" content=\"4 minuts\" \/>\n<script type=\"application\/ld+json\" class=\"yoast-schema-graph\">{\"@context\":\"https:\/\/schema.org\",\"@graph\":[{\"@type\":\"WebPage\",\"@id\":\"https:\/\/canperetdelmoli.cat\/coaching\/qui-soc\/\",\"url\":\"https:\/\/canperetdelmoli.cat\/coaching\/qui-soc\/\",\"name\":\"Qui S\u00f3c - Coaching CanPeret del Moli\",\"isPartOf\":{\"@id\":\"https:\/\/canperetdelmoli.cat\/coaching\/#website\"},\"primaryImageOfPage\":{\"@id\":\"https:\/\/canperetdelmoli.cat\/coaching\/qui-soc\/#primaryimage\"},\"image\":{\"@id\":\"https:\/\/canperetdelmoli.cat\/coaching\/qui-soc\/#primaryimage\"},\"thumbnailUrl\":\"https:\/\/canperetdelmoli.cat\/coaching\/wp-content\/uploads\/2024\/01\/arnau2-1024x683.jpg\",\"datePublished\":\"2024-01-05T08:40:34+00:00\",\"dateModified\":\"2024-01-14T18:29:11+00:00\",\"breadcrumb\":{\"@id\":\"https:\/\/canperetdelmoli.cat\/coaching\/qui-soc\/#breadcrumb\"},\"inLanguage\":\"ca\",\"potentialAction\":[{\"@type\":\"ReadAction\",\"target\":[\"https:\/\/canperetdelmoli.cat\/coaching\/qui-soc\/\"]}]},{\"@type\":\"ImageObject\",\"inLanguage\":\"ca\",\"@id\":\"https:\/\/canperetdelmoli.cat\/coaching\/qui-soc\/#primaryimage\",\"url\":\"https:\/\/canperetdelmoli.cat\/coaching\/wp-content\/uploads\/2024\/01\/arnau2.jpg\",\"contentUrl\":\"https:\/\/canperetdelmoli.cat\/coaching\/wp-content\/uploads\/2024\/01\/arnau2.jpg\",\"width\":1299,\"height\":866},{\"@type\":\"BreadcrumbList\",\"@id\":\"https:\/\/canperetdelmoli.cat\/coaching\/qui-soc\/#breadcrumb\",\"itemListElement\":[{\"@type\":\"ListItem\",\"position\":1,\"name\":\"Inici\",\"item\":\"https:\/\/canperetdelmoli.cat\/coaching\/\"},{\"@type\":\"ListItem\",\"position\":2,\"name\":\"Qui S\u00f3c\"}]},{\"@type\":\"WebSite\",\"@id\":\"https:\/\/canperetdelmoli.cat\/coaching\/#website\",\"url\":\"https:\/\/canperetdelmoli.cat\/coaching\/\",\"name\":\"Coaching CanPeret del Moli\",\"description\":\"\",\"publisher\":{\"@id\":\"https:\/\/canperetdelmoli.cat\/coaching\/#\/schema\/person\/2232f6b2c28ff4fa727398dbd1ed6281\"},\"potentialAction\":[{\"@type\":\"SearchAction\",\"target\":{\"@type\":\"EntryPoint\",\"urlTemplate\":\"https:\/\/canperetdelmoli.cat\/coaching\/?s={search_term_string}\"},\"query-input\":{\"@type\":\"PropertyValueSpecification\",\"valueRequired\":true,\"valueName\":\"search_term_string\"}}],\"inLanguage\":\"ca\"},{\"@type\":[\"Person\",\"Organization\"],\"@id\":\"https:\/\/canperetdelmoli.cat\/coaching\/#\/schema\/person\/2232f6b2c28ff4fa727398dbd1ed6281\",\"name\":\"Arnau Rubio\",\"image\":{\"@type\":\"ImageObject\",\"inLanguage\":\"ca\",\"@id\":\"https:\/\/canperetdelmoli.cat\/coaching\/#\/schema\/person\/image\/\",\"url\":\"https:\/\/canperetdelmoli.cat\/coaching\/wp-content\/uploads\/2024\/01\/cropped-logo_web_coaching_600.png\",\"contentUrl\":\"https:\/\/canperetdelmoli.cat\/coaching\/wp-content\/uploads\/2024\/01\/cropped-logo_web_coaching_600.png\",\"width\":600,\"height\":597,\"caption\":\"Arnau Rubio\"},\"logo\":{\"@id\":\"https:\/\/canperetdelmoli.cat\/coaching\/#\/schema\/person\/image\/\"}}]}<\/script>\n<!-- \/ Yoast SEO plugin. -->","yoast_head_json":{"title":"Qui S\u00f3c - Coaching CanPeret del Moli","robots":{"index":"index","follow":"follow","max-snippet":"max-snippet:-1","max-image-preview":"max-image-preview:large","max-video-preview":"max-video-preview:-1"},"canonical":"https:\/\/canperetdelmoli.cat\/coaching\/qui-soc\/","og_locale":"ca_ES","og_type":"article","og_title":"Qui S\u00f3c - Coaching CanPeret del Moli","og_description":"Em dic Arnau Rubi\u00f3, s\u00f3c un noi que de ben jove ja estava molt lligat a la natura, sobretot fent excursions a la muntanya, caminant o fent esport. L\u2019any 2006 vaig tenir el meu primer contacte amb el m\u00f3n dels cavalls, on de tant en tant, anava a una h\u00edpica per aprendre a muntar i ... Llegiu m\u00e9s","og_url":"https:\/\/canperetdelmoli.cat\/coaching\/qui-soc\/","og_site_name":"Coaching CanPeret del Moli","article_modified_time":"2024-01-14T18:29:11+00:00","og_image":[{"url":"https:\/\/canperetdelmoli.cat\/coaching\/wp-content\/uploads\/2024\/01\/arnau2-1024x683.jpg","type":"","width":"","height":""}],"twitter_card":"summary_large_image","twitter_misc":{"Temps estimat de lectura":"4 minuts"},"schema":{"@context":"https:\/\/schema.org","@graph":[{"@type":"WebPage","@id":"https:\/\/canperetdelmoli.cat\/coaching\/qui-soc\/","url":"https:\/\/canperetdelmoli.cat\/coaching\/qui-soc\/","name":"Qui S\u00f3c - Coaching CanPeret del Moli","isPartOf":{"@id":"https:\/\/canperetdelmoli.cat\/coaching\/#website"},"primaryImageOfPage":{"@id":"https:\/\/canperetdelmoli.cat\/coaching\/qui-soc\/#primaryimage"},"image":{"@id":"https:\/\/canperetdelmoli.cat\/coaching\/qui-soc\/#primaryimage"},"thumbnailUrl":"https:\/\/canperetdelmoli.cat\/coaching\/wp-content\/uploads\/2024\/01\/arnau2-1024x683.jpg","datePublished":"2024-01-05T08:40:34+00:00","dateModified":"2024-01-14T18:29:11+00:00","breadcrumb":{"@id":"https:\/\/canperetdelmoli.cat\/coaching\/qui-soc\/#breadcrumb"},"inLanguage":"ca","potentialAction":[{"@type":"ReadAction","target":["https:\/\/canperetdelmoli.cat\/coaching\/qui-soc\/"]}]},{"@type":"ImageObject","inLanguage":"ca","@id":"https:\/\/canperetdelmoli.cat\/coaching\/qui-soc\/#primaryimage","url":"https:\/\/canperetdelmoli.cat\/coaching\/wp-content\/uploads\/2024\/01\/arnau2.jpg","contentUrl":"https:\/\/canperetdelmoli.cat\/coaching\/wp-content\/uploads\/2024\/01\/arnau2.jpg","width":1299,"height":866},{"@type":"BreadcrumbList","@id":"https:\/\/canperetdelmoli.cat\/coaching\/qui-soc\/#breadcrumb","itemListElement":[{"@type":"ListItem","position":1,"name":"Inici","item":"https:\/\/canperetdelmoli.cat\/coaching\/"},{"@type":"ListItem","position":2,"name":"Qui S\u00f3c"}]},{"@type":"WebSite","@id":"https:\/\/canperetdelmoli.cat\/coaching\/#website","url":"https:\/\/canperetdelmoli.cat\/coaching\/","name":"Coaching CanPeret del Moli","description":"","publisher":{"@id":"https:\/\/canperetdelmoli.cat\/coaching\/#\/schema\/person\/2232f6b2c28ff4fa727398dbd1ed6281"},"potentialAction":[{"@type":"SearchAction","target":{"@type":"EntryPoint","urlTemplate":"https:\/\/canperetdelmoli.cat\/coaching\/?s={search_term_string}"},"query-input":{"@type":"PropertyValueSpecification","valueRequired":true,"valueName":"search_term_string"}}],"inLanguage":"ca"},{"@type":["Person","Organization"],"@id":"https:\/\/canperetdelmoli.cat\/coaching\/#\/schema\/person\/2232f6b2c28ff4fa727398dbd1ed6281","name":"Arnau Rubio","image":{"@type":"ImageObject","inLanguage":"ca","@id":"https:\/\/canperetdelmoli.cat\/coaching\/#\/schema\/person\/image\/","url":"https:\/\/canperetdelmoli.cat\/coaching\/wp-content\/uploads\/2024\/01\/cropped-logo_web_coaching_600.png","contentUrl":"https:\/\/canperetdelmoli.cat\/coaching\/wp-content\/uploads\/2024\/01\/cropped-logo_web_coaching_600.png","width":600,"height":597,"caption":"Arnau Rubio"},"logo":{"@id":"https:\/\/canperetdelmoli.cat\/coaching\/#\/schema\/person\/image\/"}}]}},"_links":{"self":[{"href":"https:\/\/canperetdelmoli.cat\/coaching\/wp-json\/wp\/v2\/pages\/18","targetHints":{"allow":["GET"]}}],"collection":[{"href":"https:\/\/canperetdelmoli.cat\/coaching\/wp-json\/wp\/v2\/pages"}],"about":[{"href":"https:\/\/canperetdelmoli.cat\/coaching\/wp-json\/wp\/v2\/types\/page"}],"author":[{"embeddable":true,"href":"https:\/\/canperetdelmoli.cat\/coaching\/wp-json\/wp\/v2\/users\/1"}],"replies":[{"embeddable":true,"href":"https:\/\/canperetdelmoli.cat\/coaching\/wp-json\/wp\/v2\/comments?post=18"}],"version-history":[{"count":45,"href":"https:\/\/canperetdelmoli.cat\/coaching\/wp-json\/wp\/v2\/pages\/18\/revisions"}],"predecessor-version":[{"id":252,"href":"https:\/\/canperetdelmoli.cat\/coaching\/wp-json\/wp\/v2\/pages\/18\/revisions\/252"}],"wp:attachment":[{"href":"https:\/\/canperetdelmoli.cat\/coaching\/wp-json\/wp\/v2\/media?parent=18"}],"curies":[{"name":"wp","href":"https:\/\/api.w.org\/{rel}","templated":true}]}}