{"id":92,"date":"2024-01-09T12:41:27","date_gmt":"2024-01-09T11:41:27","guid":{"rendered":"https:\/\/canperetdelmoli.cat\/coaching\/?page_id=92"},"modified":"2024-03-08T18:10:13","modified_gmt":"2024-03-08T17:10:13","slug":"equins","status":"publish","type":"page","link":"https:\/\/canperetdelmoli.cat\/coaching\/es\/equins\/","title":{"rendered":"Caballos"},"content":{"rendered":"<div class=\"wp-block-media-text alignwide is-stacked-on-mobile\"><figure class=\"wp-block-media-text__media\"><img loading=\"lazy\" decoding=\"async\" width=\"1024\" height=\"1024\" src=\"https:\/\/canperetdelmoli.cat\/coaching\/wp-content\/uploads\/2024\/01\/martina-1024x1024.jpg\" alt=\"\" class=\"wp-image-93 size-full\" srcset=\"https:\/\/canperetdelmoli.cat\/coaching\/wp-content\/uploads\/2024\/01\/martina-1024x1024.jpg 1024w, https:\/\/canperetdelmoli.cat\/coaching\/wp-content\/uploads\/2024\/01\/martina-300x300.jpg 300w, https:\/\/canperetdelmoli.cat\/coaching\/wp-content\/uploads\/2024\/01\/martina-150x150.jpg 150w, https:\/\/canperetdelmoli.cat\/coaching\/wp-content\/uploads\/2024\/01\/martina-768x768.jpg 768w, https:\/\/canperetdelmoli.cat\/coaching\/wp-content\/uploads\/2024\/01\/martina.jpg 1128w\" sizes=\"auto, (max-width: 1024px) 100vw, 1024px\" \/><\/figure><div class=\"wp-block-media-text__content\">\n<pre class=\"wp-block-preformatted has-medium-font-size\">La Divina \u00e9s una euga de pura ra\u00e7a espanyola que va n\u00e9ixer l\u2019any 2013 en una eugada de cavalls de pura ra\u00e7a espanyola. T\u00e9 una l\u00ednia de sang molt bona per\u00f2 que per desgr\u00e0cia quan tenia 6 anys la van fer criar per seguir la l\u00ednia de sang i es va posar de part una nit, amb la mala sort que va tenir una complicaci\u00f3 en el part\u00a0quan el poltre se li va quedar encallat i de l\u2019esfor\u00e7 per treure\u2019l se li va fer la gran hernia que t\u00e9 a dia d\u2019avui. Era una euga que degut a l'hernia no es podia muntar i evidentment tampoc es podia vendre. Com el propietari, un gran amant dels cavalls, no la volia sacrificar, es va posar en contacte amb mi i me la va cedir perqu\u00e8 pogu\u00e9s viure en manada i amb semi-llibertat. \u00c9s la euga m\u00e9s jove de casa i \u00e9s molt afectuosa i sempre se t\u2019acosta per coneixe\u2019t i per veure si et treu una car\u00edcia. Que no t\u2019enganyi la seva mida, ja que tot el que t\u00e9 de gran silueta ho t\u00e9 de gran cor.<\/pre>\n<\/div><\/div>\n\n\n\n<p><\/p>\n\n\n\n<div class=\"wp-block-media-text alignwide has-media-on-the-right is-stacked-on-mobile is-vertically-aligned-center\"><div class=\"wp-block-media-text__content\">\n<pre class=\"wp-block-preformatted has-medium-font-size\">La Martina es una yegua de raza Camarguesa, t\u00edpica de la regi\u00f3n de la Camarga del sur de Francia. Es una raza que es capaz de sobrevivir en condiciones extremas y aunque tenga una estatura m\u00e1s peque\u00f1a, tiene mucha fuerza y es muy robusta. \u00c9s una yegua que naci\u00f3 el a\u00f1o 2002 y la ten\u00edan en una finca privada, donde la utilizaban para limpiar las ca\u00f1as de una zanja para tener la finca limpia y donde adem\u00e1s, le tiraban las sobras de comida de la casa. Estaba en muy malas condiciones y de hecho, sus hermanos hab\u00edan muerto en esta zanja ahogados en una tormenta. Muy a menudo, se escapaba de la finca y la ten\u00edan que perseguir y acorralar para cogerla. Despu\u00e9s de presionar y hablar con el propietario decidi\u00f3 d\u00e1rmela para as\u00ed poderle ofrecer una nueva vida con una nueva familia y su propio espacio. Es una yegua que debido a su historia de maltratos, es mas reservada y no es muy sociable, ya que seguramente ha perdido la confianza con las personas. Lleva conmigo des del a\u00f1o 2019 y despu\u00e9s de muchos ratos juntos, mucha paciencia y respeto, ha hecho un cambio espectacular y a menudo pide participar en las sesiones de coaching. Cuando la vi por primera vez, solo con acostarte ya te mord\u00eda, y ahora, se deja tocar, poner el ramal y hasta se deja peinar. El que s\u00ed que es cierto, es que necesita su espacio y cuando no quiere relacionarse es muy expresiva y lo demuestra con un simple movimiento de orejas. A\u00fan as\u00ed, la considero una yegua muy sabia y con mucha lecci\u00f3n de vida y des de su propio espacio personal tiene mucho que decir.<\/pre>\n<\/div><figure class=\"wp-block-media-text__media\"><img loading=\"lazy\" decoding=\"async\" width=\"1024\" height=\"768\" src=\"https:\/\/canperetdelmoli.cat\/coaching\/wp-content\/uploads\/2024\/01\/martina-1-1024x768.jpg\" alt=\"\" class=\"wp-image-94 size-full\" srcset=\"https:\/\/canperetdelmoli.cat\/coaching\/wp-content\/uploads\/2024\/01\/martina-1-1024x768.jpg 1024w, https:\/\/canperetdelmoli.cat\/coaching\/wp-content\/uploads\/2024\/01\/martina-1-300x225.jpg 300w, https:\/\/canperetdelmoli.cat\/coaching\/wp-content\/uploads\/2024\/01\/martina-1-768x576.jpg 768w, https:\/\/canperetdelmoli.cat\/coaching\/wp-content\/uploads\/2024\/01\/martina-1.jpg 1192w\" sizes=\"auto, (max-width: 1024px) 100vw, 1024px\" \/><\/figure><\/div>\n\n\n\n<div class=\"wp-block-media-text alignwide is-stacked-on-mobile\"><figure class=\"wp-block-media-text__media\"><img loading=\"lazy\" decoding=\"async\" width=\"1024\" height=\"768\" src=\"https:\/\/canperetdelmoli.cat\/coaching\/wp-content\/uploads\/2024\/01\/ribayaz-1024x768.jpg\" alt=\"\" class=\"wp-image-95 size-full\" srcset=\"https:\/\/canperetdelmoli.cat\/coaching\/wp-content\/uploads\/2024\/01\/ribayaz-1024x768.jpg 1024w, https:\/\/canperetdelmoli.cat\/coaching\/wp-content\/uploads\/2024\/01\/ribayaz-300x225.jpg 300w, https:\/\/canperetdelmoli.cat\/coaching\/wp-content\/uploads\/2024\/01\/ribayaz-768x576.jpg 768w, https:\/\/canperetdelmoli.cat\/coaching\/wp-content\/uploads\/2024\/01\/ribayaz.jpg 1299w\" sizes=\"auto, (max-width: 1024px) 100vw, 1024px\" \/><\/figure><div class=\"wp-block-media-text__content\">\n<pre class=\"wp-block-preformatted has-medium-font-size\">La Ribayaz, nosotros le decimos Ribis, es una yegua del 2005 de raza KWPN, que significa caballo holand\u00e9s de sangre caliente. Es una raza de caballo moderna que se suele utilizar para la doma o el salto. De hecho, Ribis era una yegua que compet\u00eda en doma cl\u00e1sica y es por eso, que de las tres yeguas que tenemos, es la que esta mas domada y trabajada. Su historia es que la dieron de entrada en una yeguada para comprar otro caballo, ya que a la yeguada le interesaba su linea de sangre para cruzarla. La hicieron cubrir dos veces para que diera potros, sin \u00e9xito y despu\u00e9s de dos intentos decidieron darla porque no les interesaba, ni para competir ni para criar. Entonces, el hombre que me dio a Divina, se puso en contacto conmigo para ver si estaba interesado en darle una nueva oportunidad. Es una yegua con mucha energ\u00eda y car\u00e1cter con la manada, pero con las personas es un encanto y siempre esta dispuesta a hacer lo que le pidas. Es una yegua muy noble y cari\u00f1osa y todo y su nervio debido a la raza, es una yegua espectacular con mucho que decir y ense\u00f1ar.<\/pre>\n<\/div><\/div>\n\n\n\n<div style=\"height:100px\" aria-hidden=\"true\" class=\"wp-block-spacer\"><\/div>\n\n\n<div class=\"wp-block-image\">\n<figure class=\"aligncenter size-large\"><img loading=\"lazy\" decoding=\"async\" width=\"1024\" height=\"769\" src=\"https:\/\/canperetdelmoli.cat\/coaching\/wp-content\/uploads\/2024\/01\/ases-1024x769.jpg\" alt=\"\" class=\"wp-image-96\" srcset=\"https:\/\/canperetdelmoli.cat\/coaching\/wp-content\/uploads\/2024\/01\/ases-1024x769.jpg 1024w, https:\/\/canperetdelmoli.cat\/coaching\/wp-content\/uploads\/2024\/01\/ases-300x225.jpg 300w, https:\/\/canperetdelmoli.cat\/coaching\/wp-content\/uploads\/2024\/01\/ases-768x576.jpg 768w, https:\/\/canperetdelmoli.cat\/coaching\/wp-content\/uploads\/2024\/01\/ases.jpg 1299w\" sizes=\"auto, (max-width: 1024px) 100vw, 1024px\" \/><\/figure>\n<\/div>\n\n\n<p><\/p>\n\n\n\n<p class=\"has-medium-font-size\">La Paquita naci\u00f3 el a\u00f1o 2010 y es la madre de Bruc y de la Vinya, las otras dos burras. Paquita hab\u00eda estado en una granja escuela y Carla, mi pareja, la acogi\u00f3 en su casa cuando ya no les hac\u00eda servicio. A mas a mas, cuando la acogi\u00f3 estaba embarazada de Vinya, que naci\u00f3 el a\u00f1o 2018 en la finca llamada La Vinya, donde vivia Carla entonces, as\u00ed que decidi\u00f3 ponerle el nombre de la finca a la nueva inquilina.<\/p>\n\n\n\n<p class=\"has-medium-font-size\">Un dia que Carla estaba fuera de casa, entr\u00f3 un asno en la finca y mont\u00f3 otra vez a Paquita, y aunque Carla cuando lleg\u00f3 se encontr\u00f3 con el asno, ya no lleg\u00f3 a tiempo y lo \u00fanico que pudo hacer era echarlo. As\u00ed fue como lleg\u00f3 Bruc el a\u00f1o 2019. Entonces, forman una familia de tres impresionante que hacen de nuestra casa un sitio mas acogedor si cabe.<\/p>\n\n\n\n<p class=\"has-medium-font-size\">Paquita es una burra con una mirada llena de sabidur\u00eda que solo con su presencia ya te habla. Siempre va a su ritmo, sin prisa pero marcando el camino, normalmente el mas f\u00e1cil, porqu\u00e9 si que es verdad, que tambi\u00e9n es un poco patosa. Nunca dice que no a un trozo de pan o una golosina de caballos y todos sus movimientos te transmiten mucha paz y serenidad. La Vinya, es una burra muy en\u00e9rgica y con car\u00e1cter, tiene muy presente su espacio y le gusta que la respeten. Acostumbra a ser la mas habladora de casa y le gusta mucho hablar con las burras vecinas del valle donde vivimos. Es un poco despistada y le gusta investigar por el bosque y cuando se da cuenta que el resto se ha ido empieza a correr y a chillar en busca de los suyos. Bruc es el burro mas joven y mas juguet\u00f3n, as\u00ed que si no estas pendiente, es probable que se te acerque y te de un golpecito con la cabeza reclamando una caricia o que le rasques el culo. Tiene una personalidad muy inocente y simp\u00e1tica y siempre busca jugar con la Vinya o con los perros de casa.<\/p>\n\n\n\n<p class=\"has-medium-font-size\">La verdad que al verlos siempre los tres juntos y ver como se adentran juntos en el bosque, da una sensaci\u00f3n de serenidad y ternura muy bonita y siempre te regala una sonrisa.<\/p>","protected":false},"excerpt":{"rendered":"<p>La Divina \u00e9s una euga de pura ra\u00e7a espanyola que va n\u00e9ixer l\u2019any 2013 en una eugada de cavalls de pura ra\u00e7a espanyola. T\u00e9 una l\u00ednia de sang molt bona per\u00f2 que per desgr\u00e0cia quan tenia 6 anys la van fer criar per seguir la l\u00ednia de sang i es va posar de part una &#8230; <a title=\"Caballos\" class=\"read-more\" href=\"https:\/\/canperetdelmoli.cat\/coaching\/es\/equins\/\" aria-label=\"Leer m\u00e1s sobre Equins\">Leer m\u00e1s<\/a><\/p>","protected":false},"author":1,"featured_media":0,"parent":0,"menu_order":0,"comment_status":"closed","ping_status":"closed","template":"","meta":{"ngg_post_thumbnail":0,"footnotes":""},"class_list":["post-92","page","type-page","status-publish"],"yoast_head":"<!-- This site is optimized with the Yoast SEO plugin v25.1 - https:\/\/yoast.com\/wordpress\/plugins\/seo\/ -->\n<title>Equins - Coaching CanPeret del Moli<\/title>\n<meta name=\"robots\" content=\"index, follow, max-snippet:-1, max-image-preview:large, max-video-preview:-1\" \/>\n<link rel=\"canonical\" href=\"https:\/\/canperetdelmoli.cat\/coaching\/es\/equins\/\" \/>\n<meta property=\"og:locale\" content=\"es_ES\" \/>\n<meta property=\"og:type\" content=\"article\" \/>\n<meta property=\"og:title\" content=\"Equins - Coaching CanPeret del Moli\" \/>\n<meta property=\"og:description\" content=\"La Divina \u00e9s una euga de pura ra\u00e7a espanyola que va n\u00e9ixer l\u2019any 2013 en una eugada de cavalls de pura ra\u00e7a espanyola. T\u00e9 una l\u00ednia de sang molt bona per\u00f2 que per desgr\u00e0cia quan tenia 6 anys la van fer criar per seguir la l\u00ednia de sang i es va posar de part una ... Leer m\u00e1s\" \/>\n<meta property=\"og:url\" content=\"https:\/\/canperetdelmoli.cat\/coaching\/es\/equins\/\" \/>\n<meta property=\"og:site_name\" content=\"Coaching CanPeret del Moli\" \/>\n<meta property=\"article:modified_time\" content=\"2024-03-08T17:10:13+00:00\" \/>\n<meta property=\"og:image\" content=\"https:\/\/canperetdelmoli.cat\/coaching\/wp-content\/uploads\/2024\/01\/martina-1024x1024.jpg\" \/>\n<meta name=\"twitter:card\" content=\"summary_large_image\" \/>\n<meta name=\"twitter:label1\" content=\"Tiempo de lectura\" \/>\n\t<meta name=\"twitter:data1\" content=\"6 minutos\" \/>\n<script type=\"application\/ld+json\" class=\"yoast-schema-graph\">{\"@context\":\"https:\/\/schema.org\",\"@graph\":[{\"@type\":\"WebPage\",\"@id\":\"https:\/\/canperetdelmoli.cat\/coaching\/equins\/\",\"url\":\"https:\/\/canperetdelmoli.cat\/coaching\/equins\/\",\"name\":\"Equins - Coaching CanPeret del Moli\",\"isPartOf\":{\"@id\":\"https:\/\/canperetdelmoli.cat\/coaching\/#website\"},\"primaryImageOfPage\":{\"@id\":\"https:\/\/canperetdelmoli.cat\/coaching\/equins\/#primaryimage\"},\"image\":{\"@id\":\"https:\/\/canperetdelmoli.cat\/coaching\/equins\/#primaryimage\"},\"thumbnailUrl\":\"https:\/\/canperetdelmoli.cat\/coaching\/wp-content\/uploads\/2024\/01\/martina-1024x1024.jpg\",\"datePublished\":\"2024-01-09T11:41:27+00:00\",\"dateModified\":\"2024-03-08T17:10:13+00:00\",\"breadcrumb\":{\"@id\":\"https:\/\/canperetdelmoli.cat\/coaching\/equins\/#breadcrumb\"},\"inLanguage\":\"es\",\"potentialAction\":[{\"@type\":\"ReadAction\",\"target\":[\"https:\/\/canperetdelmoli.cat\/coaching\/equins\/\"]}]},{\"@type\":\"ImageObject\",\"inLanguage\":\"es\",\"@id\":\"https:\/\/canperetdelmoli.cat\/coaching\/equins\/#primaryimage\",\"url\":\"https:\/\/canperetdelmoli.cat\/coaching\/wp-content\/uploads\/2024\/01\/martina-1024x1024.jpg\",\"contentUrl\":\"https:\/\/canperetdelmoli.cat\/coaching\/wp-content\/uploads\/2024\/01\/martina-1024x1024.jpg\"},{\"@type\":\"BreadcrumbList\",\"@id\":\"https:\/\/canperetdelmoli.cat\/coaching\/equins\/#breadcrumb\",\"itemListElement\":[{\"@type\":\"ListItem\",\"position\":1,\"name\":\"Inici\",\"item\":\"https:\/\/canperetdelmoli.cat\/coaching\/\"},{\"@type\":\"ListItem\",\"position\":2,\"name\":\"Equins\"}]},{\"@type\":\"WebSite\",\"@id\":\"https:\/\/canperetdelmoli.cat\/coaching\/#website\",\"url\":\"https:\/\/canperetdelmoli.cat\/coaching\/\",\"name\":\"Coaching CanPeret del Moli\",\"description\":\"\",\"publisher\":{\"@id\":\"https:\/\/canperetdelmoli.cat\/coaching\/#\/schema\/person\/2232f6b2c28ff4fa727398dbd1ed6281\"},\"potentialAction\":[{\"@type\":\"SearchAction\",\"target\":{\"@type\":\"EntryPoint\",\"urlTemplate\":\"https:\/\/canperetdelmoli.cat\/coaching\/?s={search_term_string}\"},\"query-input\":{\"@type\":\"PropertyValueSpecification\",\"valueRequired\":true,\"valueName\":\"search_term_string\"}}],\"inLanguage\":\"es\"},{\"@type\":[\"Person\",\"Organization\"],\"@id\":\"https:\/\/canperetdelmoli.cat\/coaching\/#\/schema\/person\/2232f6b2c28ff4fa727398dbd1ed6281\",\"name\":\"Arnau Rubio\",\"image\":{\"@type\":\"ImageObject\",\"inLanguage\":\"es\",\"@id\":\"https:\/\/canperetdelmoli.cat\/coaching\/#\/schema\/person\/image\/\",\"url\":\"https:\/\/canperetdelmoli.cat\/coaching\/wp-content\/uploads\/2024\/01\/cropped-logo_web_coaching_600.png\",\"contentUrl\":\"https:\/\/canperetdelmoli.cat\/coaching\/wp-content\/uploads\/2024\/01\/cropped-logo_web_coaching_600.png\",\"width\":600,\"height\":597,\"caption\":\"Arnau Rubio\"},\"logo\":{\"@id\":\"https:\/\/canperetdelmoli.cat\/coaching\/#\/schema\/person\/image\/\"}}]}<\/script>\n<!-- \/ Yoast SEO plugin. -->","yoast_head_json":{"title":"Equins - Coaching CanPeret del Moli","robots":{"index":"index","follow":"follow","max-snippet":"max-snippet:-1","max-image-preview":"max-image-preview:large","max-video-preview":"max-video-preview:-1"},"canonical":"https:\/\/canperetdelmoli.cat\/coaching\/es\/equins\/","og_locale":"es_ES","og_type":"article","og_title":"Equins - Coaching CanPeret del Moli","og_description":"La Divina \u00e9s una euga de pura ra\u00e7a espanyola que va n\u00e9ixer l\u2019any 2013 en una eugada de cavalls de pura ra\u00e7a espanyola. T\u00e9 una l\u00ednia de sang molt bona per\u00f2 que per desgr\u00e0cia quan tenia 6 anys la van fer criar per seguir la l\u00ednia de sang i es va posar de part una ... Leer m\u00e1s","og_url":"https:\/\/canperetdelmoli.cat\/coaching\/es\/equins\/","og_site_name":"Coaching CanPeret del Moli","article_modified_time":"2024-03-08T17:10:13+00:00","og_image":[{"url":"https:\/\/canperetdelmoli.cat\/coaching\/wp-content\/uploads\/2024\/01\/martina-1024x1024.jpg","type":"","width":"","height":""}],"twitter_card":"summary_large_image","twitter_misc":{"Tiempo de lectura":"6 minutos"},"schema":{"@context":"https:\/\/schema.org","@graph":[{"@type":"WebPage","@id":"https:\/\/canperetdelmoli.cat\/coaching\/equins\/","url":"https:\/\/canperetdelmoli.cat\/coaching\/equins\/","name":"Equins - Coaching CanPeret del Moli","isPartOf":{"@id":"https:\/\/canperetdelmoli.cat\/coaching\/#website"},"primaryImageOfPage":{"@id":"https:\/\/canperetdelmoli.cat\/coaching\/equins\/#primaryimage"},"image":{"@id":"https:\/\/canperetdelmoli.cat\/coaching\/equins\/#primaryimage"},"thumbnailUrl":"https:\/\/canperetdelmoli.cat\/coaching\/wp-content\/uploads\/2024\/01\/martina-1024x1024.jpg","datePublished":"2024-01-09T11:41:27+00:00","dateModified":"2024-03-08T17:10:13+00:00","breadcrumb":{"@id":"https:\/\/canperetdelmoli.cat\/coaching\/equins\/#breadcrumb"},"inLanguage":"es","potentialAction":[{"@type":"ReadAction","target":["https:\/\/canperetdelmoli.cat\/coaching\/equins\/"]}]},{"@type":"ImageObject","inLanguage":"es","@id":"https:\/\/canperetdelmoli.cat\/coaching\/equins\/#primaryimage","url":"https:\/\/canperetdelmoli.cat\/coaching\/wp-content\/uploads\/2024\/01\/martina-1024x1024.jpg","contentUrl":"https:\/\/canperetdelmoli.cat\/coaching\/wp-content\/uploads\/2024\/01\/martina-1024x1024.jpg"},{"@type":"BreadcrumbList","@id":"https:\/\/canperetdelmoli.cat\/coaching\/equins\/#breadcrumb","itemListElement":[{"@type":"ListItem","position":1,"name":"Inici","item":"https:\/\/canperetdelmoli.cat\/coaching\/"},{"@type":"ListItem","position":2,"name":"Equins"}]},{"@type":"WebSite","@id":"https:\/\/canperetdelmoli.cat\/coaching\/#website","url":"https:\/\/canperetdelmoli.cat\/coaching\/","name":"Coaching CanPeret del Moli","description":"","publisher":{"@id":"https:\/\/canperetdelmoli.cat\/coaching\/#\/schema\/person\/2232f6b2c28ff4fa727398dbd1ed6281"},"potentialAction":[{"@type":"SearchAction","target":{"@type":"EntryPoint","urlTemplate":"https:\/\/canperetdelmoli.cat\/coaching\/?s={search_term_string}"},"query-input":{"@type":"PropertyValueSpecification","valueRequired":true,"valueName":"search_term_string"}}],"inLanguage":"es"},{"@type":["Person","Organization"],"@id":"https:\/\/canperetdelmoli.cat\/coaching\/#\/schema\/person\/2232f6b2c28ff4fa727398dbd1ed6281","name":"Arnau Rubio","image":{"@type":"ImageObject","inLanguage":"es","@id":"https:\/\/canperetdelmoli.cat\/coaching\/#\/schema\/person\/image\/","url":"https:\/\/canperetdelmoli.cat\/coaching\/wp-content\/uploads\/2024\/01\/cropped-logo_web_coaching_600.png","contentUrl":"https:\/\/canperetdelmoli.cat\/coaching\/wp-content\/uploads\/2024\/01\/cropped-logo_web_coaching_600.png","width":600,"height":597,"caption":"Arnau Rubio"},"logo":{"@id":"https:\/\/canperetdelmoli.cat\/coaching\/#\/schema\/person\/image\/"}}]}},"_links":{"self":[{"href":"https:\/\/canperetdelmoli.cat\/coaching\/es\/wp-json\/wp\/v2\/pages\/92","targetHints":{"allow":["GET"]}}],"collection":[{"href":"https:\/\/canperetdelmoli.cat\/coaching\/es\/wp-json\/wp\/v2\/pages"}],"about":[{"href":"https:\/\/canperetdelmoli.cat\/coaching\/es\/wp-json\/wp\/v2\/types\/page"}],"author":[{"embeddable":true,"href":"https:\/\/canperetdelmoli.cat\/coaching\/es\/wp-json\/wp\/v2\/users\/1"}],"replies":[{"embeddable":true,"href":"https:\/\/canperetdelmoli.cat\/coaching\/es\/wp-json\/wp\/v2\/comments?post=92"}],"version-history":[{"count":8,"href":"https:\/\/canperetdelmoli.cat\/coaching\/es\/wp-json\/wp\/v2\/pages\/92\/revisions"}],"predecessor-version":[{"id":541,"href":"https:\/\/canperetdelmoli.cat\/coaching\/es\/wp-json\/wp\/v2\/pages\/92\/revisions\/541"}],"wp:attachment":[{"href":"https:\/\/canperetdelmoli.cat\/coaching\/es\/wp-json\/wp\/v2\/media?parent=92"}],"curies":[{"name":"wp","href":"https:\/\/api.w.org\/{rel}","templated":true}]}}