{"id":82,"date":"2024-01-09T11:46:51","date_gmt":"2024-01-09T10:46:51","guid":{"rendered":"https:\/\/canperetdelmoli.cat\/coaching\/?page_id=82"},"modified":"2024-01-11T18:41:57","modified_gmt":"2024-01-11T17:41:57","slug":"que-es-el-coaching","status":"publish","type":"page","link":"https:\/\/canperetdelmoli.cat\/coaching\/es\/que-es-el-coaching\/","title":{"rendered":"Que es el Coaching"},"content":{"rendered":"<p class=\"has-medium-font-size\">El coaching con caballos es una practica relativamente nueva que esta cogiendo mucha fama debido a los resultados que consigue la gente que se embarca en este viaje sin retorno. Hay quien piensa que es una practica mas enfocada a empresas o a grupos, probablemente debido a que se hayan podido popularizar debido a este sector, pero la verdad es que existe una rama llamada el coaching de vida, que consiste a acompa\u00f1ar a las personas con su propio proceso personal para conseguir lo que desean.<\/p>\n\n\n<blockquote>\n<p><em>El Coaching con caballos es una puerta que te permite re-conectar con tu yo interior para conseguir los cambios que deseas <\/em><\/p>\n<\/blockquote>\n\n<div class=\"wp-block-image\">\n<figure class=\"aligncenter size-large\"><img loading=\"lazy\" decoding=\"async\" width=\"461\" height=\"1024\" src=\"https:\/\/canperetdelmoli.cat\/coaching\/wp-content\/uploads\/2024\/01\/9f9b94ef-4478-490c-b5b3-c51ab9fc82c4-461x1024.jpg\" alt=\"\" class=\"wp-image-155\" srcset=\"https:\/\/canperetdelmoli.cat\/coaching\/wp-content\/uploads\/2024\/01\/9f9b94ef-4478-490c-b5b3-c51ab9fc82c4-461x1024.jpg 461w, https:\/\/canperetdelmoli.cat\/coaching\/wp-content\/uploads\/2024\/01\/9f9b94ef-4478-490c-b5b3-c51ab9fc82c4-135x300.jpg 135w, https:\/\/canperetdelmoli.cat\/coaching\/wp-content\/uploads\/2024\/01\/9f9b94ef-4478-490c-b5b3-c51ab9fc82c4-691x1536.jpg 691w, https:\/\/canperetdelmoli.cat\/coaching\/wp-content\/uploads\/2024\/01\/9f9b94ef-4478-490c-b5b3-c51ab9fc82c4-5x12.jpg 5w, https:\/\/canperetdelmoli.cat\/coaching\/wp-content\/uploads\/2024\/01\/9f9b94ef-4478-490c-b5b3-c51ab9fc82c4.jpg 720w\" sizes=\"auto, (max-width: 461px) 100vw, 461px\" \/><\/figure>\n<\/div>\n\n\n<p><\/p>\n\n\n\n<p><\/p>\n\n\n\n<p class=\"has-medium-font-size\">Tambi\u00e9n es bastante habitual que se relacione el acompa\u00f1amiento con los caballos con una terapia y si que es cierto que hay ramas como la equinoterapia o la terapia asistida con caballos, que como su nombre indica, si que realizan terapias con los caballos, pero en el caso del coaching con caballos, es necesario remarcar que no se trata de ninguna terapia, sino que es un acompa\u00f1amiento que permite a la persona que lo experimenta trabajar con sus propios valores y aptitudes para conseguir los objetivos que se haya marcado. Algunos ejemplos con los que te podemos acompa\u00f1ar son:<\/p>\n\n\n\n<ul class=\"wp-block-list\">\n<li class=\"has-medium-font-size\">Trabajar la autoestima.<\/li>\n\n\n\n<li class=\"has-medium-font-size\">Dificultad de comunicaci\u00f3n.<\/li>\n\n\n\n<li class=\"has-medium-font-size\">Llegar a una meta fijada.<\/li>\n\n\n\n<li class=\"has-medium-font-size\">Tomar una decisi\u00f3n.<\/li>\n\n\n\n<li class=\"has-medium-font-size\">Liderazgo (personal, familiar, empresarial, vecinal...)<\/li>\n\n\n\n<li class=\"has-medium-font-size\">Bloqueos familiares.<\/li>\n\n\n\n<li class=\"has-medium-font-size\">Re-conectarte con tu esencia.<\/li>\n\n\n\n<li class=\"has-medium-font-size\">Realizar un cambio deseado en tu vida o entorno.<\/li>\n<\/ul>\n\n\n\n<p class=\"has-medium-font-size\">Mas all\u00e1 de estos ejemplos, el abanico de posibilidades es muy extenso, siempre y cuando trabajemos des del presente hacia el futuro, evitando caer en el que seria una terapia, donde se trabajar\u00eda con temas relacionados con el pasado.<\/p>\n\n\n\n<p class=\"has-medium-font-size\">El coaching con caballos acompa\u00f1a en procesos personales concretos y definidos para que el cliente pueda llegar a su propia soluci\u00f3n sin crear una relaci\u00f3n de dependencia con el coach. Los caballos nos acompa\u00f1an en esta tarea y reducen el tiempo que el cliente necesita para conectarse con s\u00ed mismo y poder transmitir lo que realmente necesita o siente en ese momento.<\/p>\n\n\n\n<p class=\"has-medium-font-size\"><\/p>\n\n\n<div class=\"wp-block-image\">\n<figure class=\"aligncenter size-large\"><img loading=\"lazy\" decoding=\"async\" width=\"1024\" height=\"768\" src=\"https:\/\/canperetdelmoli.cat\/coaching\/wp-content\/uploads\/2024\/01\/9-1024x768.jpg\" alt=\"\" class=\"wp-image-115\" srcset=\"https:\/\/canperetdelmoli.cat\/coaching\/wp-content\/uploads\/2024\/01\/9-1024x768.jpg 1024w, https:\/\/canperetdelmoli.cat\/coaching\/wp-content\/uploads\/2024\/01\/9-300x225.jpg 300w, https:\/\/canperetdelmoli.cat\/coaching\/wp-content\/uploads\/2024\/01\/9-768x576.jpg 768w, https:\/\/canperetdelmoli.cat\/coaching\/wp-content\/uploads\/2024\/01\/9-1536x1152.jpg 1536w, https:\/\/canperetdelmoli.cat\/coaching\/wp-content\/uploads\/2024\/01\/9.jpg 2016w\" sizes=\"auto, (max-width: 1024px) 100vw, 1024px\" \/><\/figure>\n<\/div>","protected":false},"excerpt":{"rendered":"<p>El coaching amb cavalls \u00e9s una pr\u00e0ctica relativament nova que est\u00e0 agafant for\u00e7a volada degut als resultats que aconsegueix la gent que s\u2019embarca en aquest viatge sense retorn. HI ha qui pensa que \u00e9s una pr\u00e0ctica m\u00e9s enfocada a empreses o a grups, probablement pel fet que s\u2019hagin pogut popularitzar degut a aquest sector, per\u00f2 &#8230; <a title=\"Que es el Coaching\" class=\"read-more\" href=\"https:\/\/canperetdelmoli.cat\/coaching\/es\/que-es-el-coaching\/\" aria-label=\"Leer m\u00e1s sobre Qu\u00e8 \u00e9s el coaching\">Leer m\u00e1s<\/a><\/p>","protected":false},"author":1,"featured_media":0,"parent":0,"menu_order":0,"comment_status":"closed","ping_status":"closed","template":"","meta":{"ngg_post_thumbnail":0,"footnotes":""},"class_list":["post-82","page","type-page","status-publish"],"yoast_head":"<!-- This site is optimized with the Yoast SEO plugin v25.1 - https:\/\/yoast.com\/wordpress\/plugins\/seo\/ -->\n<title>Qu\u00e8 \u00e9s el coaching - Coaching CanPeret del Moli<\/title>\n<meta name=\"robots\" content=\"index, follow, max-snippet:-1, max-image-preview:large, max-video-preview:-1\" \/>\n<link rel=\"canonical\" href=\"https:\/\/canperetdelmoli.cat\/coaching\/es\/que-es-el-coaching\/\" \/>\n<meta property=\"og:locale\" content=\"es_ES\" \/>\n<meta property=\"og:type\" content=\"article\" \/>\n<meta property=\"og:title\" content=\"Qu\u00e8 \u00e9s el coaching - Coaching CanPeret del Moli\" \/>\n<meta property=\"og:description\" content=\"El coaching amb cavalls \u00e9s una pr\u00e0ctica relativament nova que est\u00e0 agafant for\u00e7a volada degut als resultats que aconsegueix la gent que s\u2019embarca en aquest viatge sense retorn. HI ha qui pensa que \u00e9s una pr\u00e0ctica m\u00e9s enfocada a empreses o a grups, probablement pel fet que s\u2019hagin pogut popularitzar degut a aquest sector, per\u00f2 ... Leer m\u00e1s\" \/>\n<meta property=\"og:url\" content=\"https:\/\/canperetdelmoli.cat\/coaching\/es\/que-es-el-coaching\/\" \/>\n<meta property=\"og:site_name\" content=\"Coaching CanPeret del Moli\" \/>\n<meta property=\"article:modified_time\" content=\"2024-01-11T17:41:57+00:00\" \/>\n<meta property=\"og:image\" content=\"https:\/\/canperetdelmoli.cat\/coaching\/wp-content\/uploads\/2024\/01\/9f9b94ef-4478-490c-b5b3-c51ab9fc82c4-461x1024.jpg\" \/>\n<meta name=\"twitter:card\" content=\"summary_large_image\" \/>\n<meta name=\"twitter:label1\" content=\"Tiempo de lectura\" \/>\n\t<meta name=\"twitter:data1\" content=\"2 minutos\" \/>\n<script type=\"application\/ld+json\" class=\"yoast-schema-graph\">{\"@context\":\"https:\/\/schema.org\",\"@graph\":[{\"@type\":\"WebPage\",\"@id\":\"https:\/\/canperetdelmoli.cat\/coaching\/que-es-el-coaching\/\",\"url\":\"https:\/\/canperetdelmoli.cat\/coaching\/que-es-el-coaching\/\",\"name\":\"Qu\u00e8 \u00e9s el coaching - Coaching CanPeret del Moli\",\"isPartOf\":{\"@id\":\"https:\/\/canperetdelmoli.cat\/coaching\/#website\"},\"primaryImageOfPage\":{\"@id\":\"https:\/\/canperetdelmoli.cat\/coaching\/que-es-el-coaching\/#primaryimage\"},\"image\":{\"@id\":\"https:\/\/canperetdelmoli.cat\/coaching\/que-es-el-coaching\/#primaryimage\"},\"thumbnailUrl\":\"https:\/\/canperetdelmoli.cat\/coaching\/wp-content\/uploads\/2024\/01\/9f9b94ef-4478-490c-b5b3-c51ab9fc82c4-461x1024.jpg\",\"datePublished\":\"2024-01-09T10:46:51+00:00\",\"dateModified\":\"2024-01-11T17:41:57+00:00\",\"breadcrumb\":{\"@id\":\"https:\/\/canperetdelmoli.cat\/coaching\/que-es-el-coaching\/#breadcrumb\"},\"inLanguage\":\"es\",\"potentialAction\":[{\"@type\":\"ReadAction\",\"target\":[\"https:\/\/canperetdelmoli.cat\/coaching\/que-es-el-coaching\/\"]}]},{\"@type\":\"ImageObject\",\"inLanguage\":\"es\",\"@id\":\"https:\/\/canperetdelmoli.cat\/coaching\/que-es-el-coaching\/#primaryimage\",\"url\":\"https:\/\/canperetdelmoli.cat\/coaching\/wp-content\/uploads\/2024\/01\/9f9b94ef-4478-490c-b5b3-c51ab9fc82c4-461x1024.jpg\",\"contentUrl\":\"https:\/\/canperetdelmoli.cat\/coaching\/wp-content\/uploads\/2024\/01\/9f9b94ef-4478-490c-b5b3-c51ab9fc82c4-461x1024.jpg\"},{\"@type\":\"BreadcrumbList\",\"@id\":\"https:\/\/canperetdelmoli.cat\/coaching\/que-es-el-coaching\/#breadcrumb\",\"itemListElement\":[{\"@type\":\"ListItem\",\"position\":1,\"name\":\"Inici\",\"item\":\"https:\/\/canperetdelmoli.cat\/coaching\/\"},{\"@type\":\"ListItem\",\"position\":2,\"name\":\"Qu\u00e8 \u00e9s el coaching\"}]},{\"@type\":\"WebSite\",\"@id\":\"https:\/\/canperetdelmoli.cat\/coaching\/#website\",\"url\":\"https:\/\/canperetdelmoli.cat\/coaching\/\",\"name\":\"Coaching CanPeret del Moli\",\"description\":\"\",\"publisher\":{\"@id\":\"https:\/\/canperetdelmoli.cat\/coaching\/#\/schema\/person\/2232f6b2c28ff4fa727398dbd1ed6281\"},\"potentialAction\":[{\"@type\":\"SearchAction\",\"target\":{\"@type\":\"EntryPoint\",\"urlTemplate\":\"https:\/\/canperetdelmoli.cat\/coaching\/?s={search_term_string}\"},\"query-input\":{\"@type\":\"PropertyValueSpecification\",\"valueRequired\":true,\"valueName\":\"search_term_string\"}}],\"inLanguage\":\"es\"},{\"@type\":[\"Person\",\"Organization\"],\"@id\":\"https:\/\/canperetdelmoli.cat\/coaching\/#\/schema\/person\/2232f6b2c28ff4fa727398dbd1ed6281\",\"name\":\"Arnau Rubio\",\"image\":{\"@type\":\"ImageObject\",\"inLanguage\":\"es\",\"@id\":\"https:\/\/canperetdelmoli.cat\/coaching\/#\/schema\/person\/image\/\",\"url\":\"https:\/\/canperetdelmoli.cat\/coaching\/wp-content\/uploads\/2024\/01\/cropped-logo_web_coaching_600.png\",\"contentUrl\":\"https:\/\/canperetdelmoli.cat\/coaching\/wp-content\/uploads\/2024\/01\/cropped-logo_web_coaching_600.png\",\"width\":600,\"height\":597,\"caption\":\"Arnau Rubio\"},\"logo\":{\"@id\":\"https:\/\/canperetdelmoli.cat\/coaching\/#\/schema\/person\/image\/\"}}]}<\/script>\n<!-- \/ Yoast SEO plugin. -->","yoast_head_json":{"title":"Qu\u00e8 \u00e9s el coaching - Coaching CanPeret del Moli","robots":{"index":"index","follow":"follow","max-snippet":"max-snippet:-1","max-image-preview":"max-image-preview:large","max-video-preview":"max-video-preview:-1"},"canonical":"https:\/\/canperetdelmoli.cat\/coaching\/es\/que-es-el-coaching\/","og_locale":"es_ES","og_type":"article","og_title":"Qu\u00e8 \u00e9s el coaching - Coaching CanPeret del Moli","og_description":"El coaching amb cavalls \u00e9s una pr\u00e0ctica relativament nova que est\u00e0 agafant for\u00e7a volada degut als resultats que aconsegueix la gent que s\u2019embarca en aquest viatge sense retorn. HI ha qui pensa que \u00e9s una pr\u00e0ctica m\u00e9s enfocada a empreses o a grups, probablement pel fet que s\u2019hagin pogut popularitzar degut a aquest sector, per\u00f2 ... Leer m\u00e1s","og_url":"https:\/\/canperetdelmoli.cat\/coaching\/es\/que-es-el-coaching\/","og_site_name":"Coaching CanPeret del Moli","article_modified_time":"2024-01-11T17:41:57+00:00","og_image":[{"url":"https:\/\/canperetdelmoli.cat\/coaching\/wp-content\/uploads\/2024\/01\/9f9b94ef-4478-490c-b5b3-c51ab9fc82c4-461x1024.jpg","type":"","width":"","height":""}],"twitter_card":"summary_large_image","twitter_misc":{"Tiempo de lectura":"2 minutos"},"schema":{"@context":"https:\/\/schema.org","@graph":[{"@type":"WebPage","@id":"https:\/\/canperetdelmoli.cat\/coaching\/que-es-el-coaching\/","url":"https:\/\/canperetdelmoli.cat\/coaching\/que-es-el-coaching\/","name":"Qu\u00e8 \u00e9s el coaching - Coaching CanPeret del Moli","isPartOf":{"@id":"https:\/\/canperetdelmoli.cat\/coaching\/#website"},"primaryImageOfPage":{"@id":"https:\/\/canperetdelmoli.cat\/coaching\/que-es-el-coaching\/#primaryimage"},"image":{"@id":"https:\/\/canperetdelmoli.cat\/coaching\/que-es-el-coaching\/#primaryimage"},"thumbnailUrl":"https:\/\/canperetdelmoli.cat\/coaching\/wp-content\/uploads\/2024\/01\/9f9b94ef-4478-490c-b5b3-c51ab9fc82c4-461x1024.jpg","datePublished":"2024-01-09T10:46:51+00:00","dateModified":"2024-01-11T17:41:57+00:00","breadcrumb":{"@id":"https:\/\/canperetdelmoli.cat\/coaching\/que-es-el-coaching\/#breadcrumb"},"inLanguage":"es","potentialAction":[{"@type":"ReadAction","target":["https:\/\/canperetdelmoli.cat\/coaching\/que-es-el-coaching\/"]}]},{"@type":"ImageObject","inLanguage":"es","@id":"https:\/\/canperetdelmoli.cat\/coaching\/que-es-el-coaching\/#primaryimage","url":"https:\/\/canperetdelmoli.cat\/coaching\/wp-content\/uploads\/2024\/01\/9f9b94ef-4478-490c-b5b3-c51ab9fc82c4-461x1024.jpg","contentUrl":"https:\/\/canperetdelmoli.cat\/coaching\/wp-content\/uploads\/2024\/01\/9f9b94ef-4478-490c-b5b3-c51ab9fc82c4-461x1024.jpg"},{"@type":"BreadcrumbList","@id":"https:\/\/canperetdelmoli.cat\/coaching\/que-es-el-coaching\/#breadcrumb","itemListElement":[{"@type":"ListItem","position":1,"name":"Inici","item":"https:\/\/canperetdelmoli.cat\/coaching\/"},{"@type":"ListItem","position":2,"name":"Qu\u00e8 \u00e9s el coaching"}]},{"@type":"WebSite","@id":"https:\/\/canperetdelmoli.cat\/coaching\/#website","url":"https:\/\/canperetdelmoli.cat\/coaching\/","name":"Coaching CanPeret del Moli","description":"","publisher":{"@id":"https:\/\/canperetdelmoli.cat\/coaching\/#\/schema\/person\/2232f6b2c28ff4fa727398dbd1ed6281"},"potentialAction":[{"@type":"SearchAction","target":{"@type":"EntryPoint","urlTemplate":"https:\/\/canperetdelmoli.cat\/coaching\/?s={search_term_string}"},"query-input":{"@type":"PropertyValueSpecification","valueRequired":true,"valueName":"search_term_string"}}],"inLanguage":"es"},{"@type":["Person","Organization"],"@id":"https:\/\/canperetdelmoli.cat\/coaching\/#\/schema\/person\/2232f6b2c28ff4fa727398dbd1ed6281","name":"Arnau Rubio","image":{"@type":"ImageObject","inLanguage":"es","@id":"https:\/\/canperetdelmoli.cat\/coaching\/#\/schema\/person\/image\/","url":"https:\/\/canperetdelmoli.cat\/coaching\/wp-content\/uploads\/2024\/01\/cropped-logo_web_coaching_600.png","contentUrl":"https:\/\/canperetdelmoli.cat\/coaching\/wp-content\/uploads\/2024\/01\/cropped-logo_web_coaching_600.png","width":600,"height":597,"caption":"Arnau Rubio"},"logo":{"@id":"https:\/\/canperetdelmoli.cat\/coaching\/#\/schema\/person\/image\/"}}]}},"_links":{"self":[{"href":"https:\/\/canperetdelmoli.cat\/coaching\/es\/wp-json\/wp\/v2\/pages\/82","targetHints":{"allow":["GET"]}}],"collection":[{"href":"https:\/\/canperetdelmoli.cat\/coaching\/es\/wp-json\/wp\/v2\/pages"}],"about":[{"href":"https:\/\/canperetdelmoli.cat\/coaching\/es\/wp-json\/wp\/v2\/types\/page"}],"author":[{"embeddable":true,"href":"https:\/\/canperetdelmoli.cat\/coaching\/es\/wp-json\/wp\/v2\/users\/1"}],"replies":[{"embeddable":true,"href":"https:\/\/canperetdelmoli.cat\/coaching\/es\/wp-json\/wp\/v2\/comments?post=82"}],"version-history":[{"count":9,"href":"https:\/\/canperetdelmoli.cat\/coaching\/es\/wp-json\/wp\/v2\/pages\/82\/revisions"}],"predecessor-version":[{"id":253,"href":"https:\/\/canperetdelmoli.cat\/coaching\/es\/wp-json\/wp\/v2\/pages\/82\/revisions\/253"}],"wp:attachment":[{"href":"https:\/\/canperetdelmoli.cat\/coaching\/es\/wp-json\/wp\/v2\/media?parent=82"}],"curies":[{"name":"wp","href":"https:\/\/api.w.org\/{rel}","templated":true}]}}