{"id":234,"date":"2024-01-12T12:10:43","date_gmt":"2024-01-12T11:10:43","guid":{"rendered":"https:\/\/canperetdelmoli.cat\/coaching\/?page_id=234"},"modified":"2024-01-12T12:10:43","modified_gmt":"2024-01-12T11:10:43","slug":"termes-i-condicions-del-servei","status":"publish","type":"page","link":"https:\/\/canperetdelmoli.cat\/coaching\/es\/termes-i-condicions-del-servei\/","title":{"rendered":"Temas y Condiciones del Servicio"},"content":{"rendered":"<p>Data de l\u2019\u00faltima actualitzaci\u00f3: 12\/01\/2024<\/p>\n\n\n\n<ol class=\"wp-block-list\">\n<li>Acceptaci\u00f3 dels Termes<br>A l\u2019accedir i utilitzar els serveis oferts per coaching amb cavalls a Can Peret del Mol\u00ed al lloc web<br>[ https:\/\/canperetdelmoli.cat\/coaching\/ ], acceptes complir amb aquests termes i condicions. Si no est\u00e0s<br>d\u2019acord amb alguna part d\u2019aquests termes, et convidem a que no utilitzis els nostres serveis.<\/li>\n\n\n\n<li>Descripci\u00f3 del Servei<br>Coaching amb cavalls a Can Peret del Mol\u00ed ofereix serveis de coaching amb cavalls, destinats a qualsevol<br>p\u00fablic. Aquests serveis s\u2019ofereixen d\u2019acord amb els termes establerts en aquest document.<\/li>\n\n\n\n<li>Reservas<br>Els clients poden realitzar reserves a trav\u00e9s del nostre lloc web..<\/li>\n\n\n\n<li>Cancel\u00b7lacions<br>En el cas que no es pugui assistir a una sessi\u00f3, s\u2019haur\u00e0 de notificar abans de 48 hores, per poder buscar<br>una nova data.<\/li>\n\n\n\n<li>Responsabilitats dels Clients<br>Els clients s\u00f3n responsables de proporcionar informaci\u00f3 precisa i complerta al reservar els nostres<br>serveis. A m\u00e9s a m\u00e9s, han de seguir les instruccions i pautes proporcionades pel nostre personal durant la<br>prestaci\u00f3 dels serveis.<\/li>\n\n\n\n<li>Limitaci\u00f3 de Responsabilitat<br>Coaching amb cavalls a Can Peret del Mol\u00ed no es fa responsable de qualsevol lesi\u00f3, p\u00e8rdua o dany<br>resultant de l\u2019\u00fas dels nostres serveis. Els clients participen en les activitats sota el seu propi risc i<br>responsabilitat.<\/li>\n\n\n\n<li>Privacitat i Protecci\u00f3 de Dades<br>La nostre pol\u00edtica de privacitat, disponible a [https:\/\/canperetdelmoli.cat\/coaching\/pol\u00edtica-privacidad\/]<br>descriu com recopilem, utilitzem i protegim la informaci\u00f3 personal. A l\u2019utilitzar els nostres serveis, acceptes<br>les nostres practiques de privacitat.<\/li>\n\n\n\n<li>Modificacions dels termes i Condicions<br>Coaching amb cavalls a Can Peret del Mol\u00ed es reserva el dret de modificar aquests termes i condicions en<br>qualsevol moment. Els canvis entraran en vigor immediatament despr\u00e9s de la seva publicaci\u00f3 en el lloc<br>web.<br>A l\u2019utilitzar els nostres serveis, acceptes estar subjecte als termes i condicions esmentats anteriorment. Et<br>recomanem revisar peri\u00f2dicament aquests termes per mantenir-te informat sobre qualsevol canvi.<br>Per preguntes o dubtes, contacta\u2019ns a trav\u00e9s de [https:\/\/canperetdelmoli.cat\/coaching\/contacto\/]<\/li>\n<\/ol>","protected":false},"excerpt":{"rendered":"<p>Data de l\u2019\u00faltima actualitzaci\u00f3: 12\/01\/2024<\/p>","protected":false},"author":1,"featured_media":0,"parent":0,"menu_order":0,"comment_status":"closed","ping_status":"closed","template":"","meta":{"ngg_post_thumbnail":0,"footnotes":""},"class_list":["post-234","page","type-page","status-publish"],"yoast_head":"<!-- This site is optimized with the Yoast SEO plugin v25.1 - https:\/\/yoast.com\/wordpress\/plugins\/seo\/ -->\n<title>Termes i Condicions del Servei - Coaching CanPeret del Moli<\/title>\n<meta name=\"robots\" content=\"index, follow, max-snippet:-1, max-image-preview:large, max-video-preview:-1\" \/>\n<link rel=\"canonical\" href=\"https:\/\/canperetdelmoli.cat\/coaching\/es\/termes-i-condicions-del-servei\/\" \/>\n<meta property=\"og:locale\" content=\"es_ES\" \/>\n<meta property=\"og:type\" content=\"article\" \/>\n<meta property=\"og:title\" content=\"Termes i Condicions del Servei - Coaching CanPeret del Moli\" \/>\n<meta property=\"og:description\" content=\"Data de l\u2019\u00faltima actualitzaci\u00f3: 12\/01\/2024\" \/>\n<meta property=\"og:url\" content=\"https:\/\/canperetdelmoli.cat\/coaching\/es\/termes-i-condicions-del-servei\/\" \/>\n<meta property=\"og:site_name\" content=\"Coaching CanPeret del Moli\" \/>\n<meta name=\"twitter:card\" content=\"summary_large_image\" \/>\n<meta name=\"twitter:label1\" content=\"Tiempo de lectura\" \/>\n\t<meta name=\"twitter:data1\" content=\"2 minutos\" \/>\n<script type=\"application\/ld+json\" class=\"yoast-schema-graph\">{\"@context\":\"https:\/\/schema.org\",\"@graph\":[{\"@type\":\"WebPage\",\"@id\":\"https:\/\/canperetdelmoli.cat\/coaching\/termes-i-condicions-del-servei\/\",\"url\":\"https:\/\/canperetdelmoli.cat\/coaching\/termes-i-condicions-del-servei\/\",\"name\":\"Termes i Condicions del Servei - Coaching CanPeret del Moli\",\"isPartOf\":{\"@id\":\"https:\/\/canperetdelmoli.cat\/coaching\/#website\"},\"datePublished\":\"2024-01-12T11:10:43+00:00\",\"breadcrumb\":{\"@id\":\"https:\/\/canperetdelmoli.cat\/coaching\/termes-i-condicions-del-servei\/#breadcrumb\"},\"inLanguage\":\"es\",\"potentialAction\":[{\"@type\":\"ReadAction\",\"target\":[\"https:\/\/canperetdelmoli.cat\/coaching\/termes-i-condicions-del-servei\/\"]}]},{\"@type\":\"BreadcrumbList\",\"@id\":\"https:\/\/canperetdelmoli.cat\/coaching\/termes-i-condicions-del-servei\/#breadcrumb\",\"itemListElement\":[{\"@type\":\"ListItem\",\"position\":1,\"name\":\"Inici\",\"item\":\"https:\/\/canperetdelmoli.cat\/coaching\/\"},{\"@type\":\"ListItem\",\"position\":2,\"name\":\"Termes i Condicions del Servei\"}]},{\"@type\":\"WebSite\",\"@id\":\"https:\/\/canperetdelmoli.cat\/coaching\/#website\",\"url\":\"https:\/\/canperetdelmoli.cat\/coaching\/\",\"name\":\"Coaching CanPeret del Moli\",\"description\":\"\",\"publisher\":{\"@id\":\"https:\/\/canperetdelmoli.cat\/coaching\/#\/schema\/person\/2232f6b2c28ff4fa727398dbd1ed6281\"},\"potentialAction\":[{\"@type\":\"SearchAction\",\"target\":{\"@type\":\"EntryPoint\",\"urlTemplate\":\"https:\/\/canperetdelmoli.cat\/coaching\/?s={search_term_string}\"},\"query-input\":{\"@type\":\"PropertyValueSpecification\",\"valueRequired\":true,\"valueName\":\"search_term_string\"}}],\"inLanguage\":\"es\"},{\"@type\":[\"Person\",\"Organization\"],\"@id\":\"https:\/\/canperetdelmoli.cat\/coaching\/#\/schema\/person\/2232f6b2c28ff4fa727398dbd1ed6281\",\"name\":\"Arnau Rubio\",\"image\":{\"@type\":\"ImageObject\",\"inLanguage\":\"es\",\"@id\":\"https:\/\/canperetdelmoli.cat\/coaching\/#\/schema\/person\/image\/\",\"url\":\"https:\/\/canperetdelmoli.cat\/coaching\/wp-content\/uploads\/2024\/01\/cropped-logo_web_coaching_600.png\",\"contentUrl\":\"https:\/\/canperetdelmoli.cat\/coaching\/wp-content\/uploads\/2024\/01\/cropped-logo_web_coaching_600.png\",\"width\":600,\"height\":597,\"caption\":\"Arnau Rubio\"},\"logo\":{\"@id\":\"https:\/\/canperetdelmoli.cat\/coaching\/#\/schema\/person\/image\/\"}}]}<\/script>\n<!-- \/ Yoast SEO plugin. -->","yoast_head_json":{"title":"Termes i Condicions del Servei - Coaching CanPeret del Moli","robots":{"index":"index","follow":"follow","max-snippet":"max-snippet:-1","max-image-preview":"max-image-preview:large","max-video-preview":"max-video-preview:-1"},"canonical":"https:\/\/canperetdelmoli.cat\/coaching\/es\/termes-i-condicions-del-servei\/","og_locale":"es_ES","og_type":"article","og_title":"Termes i Condicions del Servei - Coaching CanPeret del Moli","og_description":"Data de l\u2019\u00faltima actualitzaci\u00f3: 12\/01\/2024","og_url":"https:\/\/canperetdelmoli.cat\/coaching\/es\/termes-i-condicions-del-servei\/","og_site_name":"Coaching CanPeret del Moli","twitter_card":"summary_large_image","twitter_misc":{"Tiempo de lectura":"2 minutos"},"schema":{"@context":"https:\/\/schema.org","@graph":[{"@type":"WebPage","@id":"https:\/\/canperetdelmoli.cat\/coaching\/termes-i-condicions-del-servei\/","url":"https:\/\/canperetdelmoli.cat\/coaching\/termes-i-condicions-del-servei\/","name":"Termes i Condicions del Servei - Coaching CanPeret del Moli","isPartOf":{"@id":"https:\/\/canperetdelmoli.cat\/coaching\/#website"},"datePublished":"2024-01-12T11:10:43+00:00","breadcrumb":{"@id":"https:\/\/canperetdelmoli.cat\/coaching\/termes-i-condicions-del-servei\/#breadcrumb"},"inLanguage":"es","potentialAction":[{"@type":"ReadAction","target":["https:\/\/canperetdelmoli.cat\/coaching\/termes-i-condicions-del-servei\/"]}]},{"@type":"BreadcrumbList","@id":"https:\/\/canperetdelmoli.cat\/coaching\/termes-i-condicions-del-servei\/#breadcrumb","itemListElement":[{"@type":"ListItem","position":1,"name":"Inici","item":"https:\/\/canperetdelmoli.cat\/coaching\/"},{"@type":"ListItem","position":2,"name":"Termes i Condicions del Servei"}]},{"@type":"WebSite","@id":"https:\/\/canperetdelmoli.cat\/coaching\/#website","url":"https:\/\/canperetdelmoli.cat\/coaching\/","name":"Coaching CanPeret del Moli","description":"","publisher":{"@id":"https:\/\/canperetdelmoli.cat\/coaching\/#\/schema\/person\/2232f6b2c28ff4fa727398dbd1ed6281"},"potentialAction":[{"@type":"SearchAction","target":{"@type":"EntryPoint","urlTemplate":"https:\/\/canperetdelmoli.cat\/coaching\/?s={search_term_string}"},"query-input":{"@type":"PropertyValueSpecification","valueRequired":true,"valueName":"search_term_string"}}],"inLanguage":"es"},{"@type":["Person","Organization"],"@id":"https:\/\/canperetdelmoli.cat\/coaching\/#\/schema\/person\/2232f6b2c28ff4fa727398dbd1ed6281","name":"Arnau Rubio","image":{"@type":"ImageObject","inLanguage":"es","@id":"https:\/\/canperetdelmoli.cat\/coaching\/#\/schema\/person\/image\/","url":"https:\/\/canperetdelmoli.cat\/coaching\/wp-content\/uploads\/2024\/01\/cropped-logo_web_coaching_600.png","contentUrl":"https:\/\/canperetdelmoli.cat\/coaching\/wp-content\/uploads\/2024\/01\/cropped-logo_web_coaching_600.png","width":600,"height":597,"caption":"Arnau Rubio"},"logo":{"@id":"https:\/\/canperetdelmoli.cat\/coaching\/#\/schema\/person\/image\/"}}]}},"_links":{"self":[{"href":"https:\/\/canperetdelmoli.cat\/coaching\/es\/wp-json\/wp\/v2\/pages\/234","targetHints":{"allow":["GET"]}}],"collection":[{"href":"https:\/\/canperetdelmoli.cat\/coaching\/es\/wp-json\/wp\/v2\/pages"}],"about":[{"href":"https:\/\/canperetdelmoli.cat\/coaching\/es\/wp-json\/wp\/v2\/types\/page"}],"author":[{"embeddable":true,"href":"https:\/\/canperetdelmoli.cat\/coaching\/es\/wp-json\/wp\/v2\/users\/1"}],"replies":[{"embeddable":true,"href":"https:\/\/canperetdelmoli.cat\/coaching\/es\/wp-json\/wp\/v2\/comments?post=234"}],"version-history":[{"count":2,"href":"https:\/\/canperetdelmoli.cat\/coaching\/es\/wp-json\/wp\/v2\/pages\/234\/revisions"}],"predecessor-version":[{"id":236,"href":"https:\/\/canperetdelmoli.cat\/coaching\/es\/wp-json\/wp\/v2\/pages\/234\/revisions\/236"}],"wp:attachment":[{"href":"https:\/\/canperetdelmoli.cat\/coaching\/es\/wp-json\/wp\/v2\/media?parent=234"}],"curies":[{"name":"wp","href":"https:\/\/api.w.org\/{rel}","templated":true}]}}