{"id":18,"date":"2024-01-05T09:40:34","date_gmt":"2024-01-05T08:40:34","guid":{"rendered":"https:\/\/canperetdelmoli.cat\/coaching\/?page_id=18"},"modified":"2024-01-14T19:29:11","modified_gmt":"2024-01-14T18:29:11","slug":"qui-soc","status":"publish","type":"page","link":"https:\/\/canperetdelmoli.cat\/coaching\/es\/qui-soc\/","title":{"rendered":"Qui\u00e9n Soy"},"content":{"rendered":"<div class=\"wp-block-columns is-layout-flex wp-container-core-columns-is-layout-9d6595d7 wp-block-columns-is-layout-flex\">\n<div class=\"wp-block-column is-layout-flow wp-block-column-is-layout-flow\">\n<p class=\"has-large-font-size\">Me llamo Arnau Rubi\u00f3, soy un chico que de muy joven ya estaba muy atado a la naturaleza, sobretodo haciendo excursiones a la monta\u00f1a, caminando o haciendo deporte.<\/p>\n\n\n\n<p class=\"has-background has-medium-font-size\" style=\"background-color:#8fac6dba\">El a\u00f1o 2006 tuve mi primer contacto con el mundo de los caballos, donde a menudo, iba a una h\u00edpica para aprender a montar y para conocerlos de m\u00e1s cerca. Gracias a esto, pude aprender m\u00e1s de este animal, su mantenimiento, c\u00f3mo se relacionan, su lenguaje, su sensibilidad y transparencia.<\/p>\n\n\n\n<p class=\"has-background has-medium-font-size\" style=\"background-color:#96af79d1\">A partir de este momento, a\u00f1o tras a\u00f1o, intent\u00e9 mantener esta conexi\u00f3n con los caballos seg\u00fan me permitiera mi estilo de vida.<br>En 2016, despu\u00e9s de 8 a\u00f1os haciendo de contable en varias empresas, decid\u00ed dejarlo todo y ser fiel a mis valores y principios e irme, sin fecha de vuelta, a colaborar con un santuario de animales en los alpes suizos. Me sent\u00eda encarcelado entre cuatro paredes, ante una faena mon\u00f3tona y que me desconectaba cada d\u00eda m\u00e1s de m\u00ed autenticidad y esencia.<\/p>\n\n\n\n<figure class=\"wp-block-image size-large\"><img loading=\"lazy\" decoding=\"async\" width=\"1024\" height=\"683\" src=\"https:\/\/canperetdelmoli.cat\/coaching\/wp-content\/uploads\/2024\/01\/arnau2-1024x683.jpg\" alt=\"\" class=\"wp-image-13\" srcset=\"https:\/\/canperetdelmoli.cat\/coaching\/wp-content\/uploads\/2024\/01\/arnau2-1024x683.jpg 1024w, https:\/\/canperetdelmoli.cat\/coaching\/wp-content\/uploads\/2024\/01\/arnau2-300x200.jpg 300w, https:\/\/canperetdelmoli.cat\/coaching\/wp-content\/uploads\/2024\/01\/arnau2-768x512.jpg 768w, https:\/\/canperetdelmoli.cat\/coaching\/wp-content\/uploads\/2024\/01\/arnau2.jpg 1299w\" sizes=\"auto, (max-width: 1024px) 100vw, 1024px\" \/><\/figure>\n<\/div>\n<\/div>\n\n\n\n<div class=\"wp-block-columns is-layout-flex wp-container-core-columns-is-layout-9d6595d7 wp-block-columns-is-layout-flex\">\n<div class=\"wp-block-column is-layout-flow wp-block-column-is-layout-flow\">\n<p class=\"has-gradient-4-gradient-background has-background\" style=\"font-size:16px\"><em>Estuve 8 meses trabajando en un santuario donde hab\u00eda 200 ovejas, 25 vacas y 10 caballos, rodeado de naturaleza pura a 1500 metros de altitud.<\/em><\/p>\n\n\n\n<p class=\"has-medium-font-size\">Una vez re-conect\u00e9 con mi esencia, decid\u00ed que no me quer\u00eda volver a sentir encarcelado nunca m\u00e1s y que quer\u00eda vivir y trabajar en un entorno rodeado de naturaleza y animales.<\/p>\n<\/div>\n<\/div>\n\n\n\n<div class=\"wp-block-cover has-parallax\"><span aria-hidden=\"true\" class=\"wp-block-cover__background has-background-dim\"><\/span><div role=\"img\" class=\"wp-block-cover__image-background wp-image-112 has-parallax\" style=\"background-position:50% 50%;background-image:url(https:\/\/canperetdelmoli.cat\/coaching\/wp-content\/uploads\/2024\/01\/6.jpg)\"><\/div><div class=\"wp-block-cover__inner-container is-layout-constrained wp-block-cover-is-layout-constrained\">\n<p class=\"has-text-align-center has-large-font-size\"><\/p>\n<\/div><\/div>\n\n\n\n<div class=\"wp-block-columns is-layout-flex wp-container-core-columns-is-layout-9d6595d7 wp-block-columns-is-layout-flex\">\n<div class=\"wp-block-column is-layout-flow wp-block-column-is-layout-flow\">\n<pre class=\"wp-block-preformatted has-base-3-background-color has-background has-medium-font-size\"><em>Cuando volv\u00ed a Catalu\u00f1a, me puse a trabajar en una granja escuela, como labrador y como dinamizador de actividades, hecho que me permit\u00eda dar a conocer a los m\u00e1s j\u00f3venes la riqueza y pureza de la naturaleza.<\/em><\/pre>\n<\/div>\n<\/div>\n\n\n<div class=\"wp-block-image\">\n<figure class=\"aligncenter size-full\"><img loading=\"lazy\" decoding=\"async\" width=\"425\" height=\"319\" src=\"https:\/\/canperetdelmoli.cat\/coaching\/wp-content\/uploads\/2024\/01\/granja_escola.jpg\" alt=\"\" class=\"wp-image-16\" srcset=\"https:\/\/canperetdelmoli.cat\/coaching\/wp-content\/uploads\/2024\/01\/granja_escola.jpg 425w, https:\/\/canperetdelmoli.cat\/coaching\/wp-content\/uploads\/2024\/01\/granja_escola-300x225.jpg 300w\" sizes=\"auto, (max-width: 425px) 100vw, 425px\" \/><\/figure>\n<\/div>\n\n\n<p class=\"has-medium-font-size\">Una vez la propietaria de la granja escuela decidi\u00f3 jubilarse, decid\u00ed irme a viajar por la India con mochila, sin itinerario y sin fecha de vuelta, con la intenci\u00f3n de conocer la cultura, el pa\u00eds, su gente y sin pensar en nada m\u00e1s que en el presente.<\/p>\n\n\n\n<p class=\"has-background has-medium-font-size\" style=\"background-color:#96af79d1\">Es curioso que hasta all\u00ed, tuve contacto con los caballos, ya que estuve colaborando dos meses en una granja de permacultura en Auroville. All\u00ed pude ayudar a un caballo que tenia problemas para relacionarse y musculares, debido a que como no lo pod\u00edan controlar, no lo sacaban y esto caus\u00f3 que su musculatura se atrofiara. Despu\u00e9s de 8 meses cruzando solo la India de Sur a Norte decid\u00ed volver. Gracias a que me puse a compartir mas\u00eda con otras personas, me pude permitir tener un espacio para poder empezar a rescatar caballos y ofrecerles otro estilo de vida.<\/p>\n\n\n\n<p class=\"has-medium-font-size\">Entonces, el a\u00f1o 2019 fue cuando llegaron a mi vida la Martina y la Divina y un a\u00f1o mas tarde lleg\u00f3 la Ribaya.<\/p>\n\n\n<div class=\"wp-block-image\">\n<figure class=\"aligncenter size-large\"><img loading=\"lazy\" decoding=\"async\" width=\"1024\" height=\"768\" src=\"https:\/\/canperetdelmoli.cat\/coaching\/wp-content\/uploads\/2024\/01\/IMG_2568-1-1024x768.jpg\" alt=\"\" class=\"wp-image-36\" srcset=\"https:\/\/canperetdelmoli.cat\/coaching\/wp-content\/uploads\/2024\/01\/IMG_2568-1-1024x768.jpg 1024w, https:\/\/canperetdelmoli.cat\/coaching\/wp-content\/uploads\/2024\/01\/IMG_2568-1-300x225.jpg 300w, https:\/\/canperetdelmoli.cat\/coaching\/wp-content\/uploads\/2024\/01\/IMG_2568-1-768x576.jpg 768w, https:\/\/canperetdelmoli.cat\/coaching\/wp-content\/uploads\/2024\/01\/IMG_2568-1-1536x1152.jpg 1536w, https:\/\/canperetdelmoli.cat\/coaching\/wp-content\/uploads\/2024\/01\/IMG_2568-1-2048x1536.jpg 2048w\" sizes=\"auto, (max-width: 1024px) 100vw, 1024px\" \/><\/figure>\n<\/div>\n\n\n<p><\/p>\n\n\n\n<p class=\"has-background has-medium-font-size\" style=\"background-color:#96af79d1\">Al tenerlas en casa y al ir compartiendo tiempo, cada vez interactuaba con ellas de una forma muy especial y diferente de lo que yo conoc\u00eda. Esto me provocaba menos ganas de montarlas y mas ganas de conectar con ellas des del mismo nivel pie a tierra. A partir de este momento, comenz\u00f3 a nacer en mi la ilusi\u00f3n de poder conectar con ellas de una forma diferente. Despu\u00e9s de mucho buscar, me top\u00e9 con el coaching con caballos y me cautiv\u00f3 su filosof\u00eda y su manera de ver a estos animales. Debido al covid y a la situaci\u00f3n de ese momento no me pude permitir empezar a formarme.<\/p>\n\n\n\n<p><\/p>\n\n\n\n<p class=\"has-medium-font-size\">Mas tarde conoc\u00ed a Carla, mi pareja y mientras yo me dedicaba a rescatar caballos y a darles una nueva vida, ella se dedicaba a rescatar asnos.<\/p>\n\n\n\n<p class=\"has-background has-medium-font-size\" style=\"background-color:#96af79d1\">Entonces nos encontramos una mas\u00eda derrumbada en el pueblo de Seriny\u00e0 y nos decidimos embarcar en una nueva aventura. As\u00ed, que decidimos arreglarla para poder crear este espacio tan m\u00e1gico que dia tras dia va creciendo bajo el nombre de Can Peret del Mol\u00ed. Fue aqu\u00ed donde juntamos esta maravillosa familia equina de tres yeguas y tres asnos.<\/p>\n\n\n\n<figure class=\"wp-block-image size-large\"><img loading=\"lazy\" decoding=\"async\" width=\"1024\" height=\"768\" src=\"https:\/\/canperetdelmoli.cat\/coaching\/wp-content\/uploads\/2024\/01\/IMG_2332-1024x768.jpg\" alt=\"\" class=\"wp-image-37\" srcset=\"https:\/\/canperetdelmoli.cat\/coaching\/wp-content\/uploads\/2024\/01\/IMG_2332-1024x768.jpg 1024w, https:\/\/canperetdelmoli.cat\/coaching\/wp-content\/uploads\/2024\/01\/IMG_2332-300x225.jpg 300w, https:\/\/canperetdelmoli.cat\/coaching\/wp-content\/uploads\/2024\/01\/IMG_2332-768x576.jpg 768w, https:\/\/canperetdelmoli.cat\/coaching\/wp-content\/uploads\/2024\/01\/IMG_2332-1536x1152.jpg 1536w, https:\/\/canperetdelmoli.cat\/coaching\/wp-content\/uploads\/2024\/01\/IMG_2332-2048x1536.jpg 2048w\" sizes=\"auto, (max-width: 1024px) 100vw, 1024px\" \/><\/figure>\n\n\n\n<p><\/p>\n\n\n\n<p class=\"has-medium-font-size\">El a\u00f1o 2023 decid\u00ed tomar una decisi\u00f3n importante en mi vida y formarme en coaching con caballos con la escuela Equilibri, mediante la formaci\u00f3n superior con coaching con caballos y desarrollo emocional. Gracias a esta formaci\u00f3n he podido conectar con mis caballos de una forma muy diferente y hacer del coaching mi estilo de vida. Despu\u00e9s de muchos meses de formaci\u00f3n y muchas experiencias vividas, me siento con la responsabilidad de intentar devolver el m\u00e1ximo posible todas estas sensaciones y compartirlo con el m\u00e1ximo posible de gente. <\/p>","protected":false},"excerpt":{"rendered":"<p>Em dic Arnau Rubi\u00f3, s\u00f3c un noi que de ben jove ja estava molt lligat a la natura, sobretot fent excursions a la muntanya, caminant o fent esport. L\u2019any 2006 vaig tenir el meu primer contacte amb el m\u00f3n dels cavalls, on de tant en tant, anava a una h\u00edpica per aprendre a muntar i &#8230; <a title=\"Qui\u00e9n Soy\" class=\"read-more\" href=\"https:\/\/canperetdelmoli.cat\/coaching\/es\/qui-soc\/\" aria-label=\"Leer m\u00e1s sobre Qui S\u00f3c\">Leer m\u00e1s<\/a><\/p>","protected":false},"author":1,"featured_media":0,"parent":0,"menu_order":0,"comment_status":"closed","ping_status":"closed","template":"","meta":{"ngg_post_thumbnail":0,"footnotes":""},"class_list":["post-18","page","type-page","status-publish"],"yoast_head":"<!-- This site is optimized with the Yoast SEO plugin v25.1 - https:\/\/yoast.com\/wordpress\/plugins\/seo\/ -->\n<title>Qui S\u00f3c - Coaching CanPeret del Moli<\/title>\n<meta name=\"robots\" content=\"index, follow, max-snippet:-1, max-image-preview:large, max-video-preview:-1\" \/>\n<link rel=\"canonical\" href=\"https:\/\/canperetdelmoli.cat\/coaching\/es\/qui-soc\/\" \/>\n<meta property=\"og:locale\" content=\"es_ES\" \/>\n<meta property=\"og:type\" content=\"article\" \/>\n<meta property=\"og:title\" content=\"Qui S\u00f3c - Coaching CanPeret del Moli\" \/>\n<meta property=\"og:description\" content=\"Em dic Arnau Rubi\u00f3, s\u00f3c un noi que de ben jove ja estava molt lligat a la natura, sobretot fent excursions a la muntanya, caminant o fent esport. L\u2019any 2006 vaig tenir el meu primer contacte amb el m\u00f3n dels cavalls, on de tant en tant, anava a una h\u00edpica per aprendre a muntar i ... Leer m\u00e1s\" \/>\n<meta property=\"og:url\" content=\"https:\/\/canperetdelmoli.cat\/coaching\/es\/qui-soc\/\" \/>\n<meta property=\"og:site_name\" content=\"Coaching CanPeret del Moli\" \/>\n<meta property=\"article:modified_time\" content=\"2024-01-14T18:29:11+00:00\" \/>\n<meta property=\"og:image\" content=\"https:\/\/canperetdelmoli.cat\/coaching\/wp-content\/uploads\/2024\/01\/arnau2-1024x683.jpg\" \/>\n<meta name=\"twitter:card\" content=\"summary_large_image\" \/>\n<meta name=\"twitter:label1\" content=\"Tiempo de lectura\" \/>\n\t<meta name=\"twitter:data1\" content=\"4 minutos\" \/>\n<script type=\"application\/ld+json\" class=\"yoast-schema-graph\">{\"@context\":\"https:\/\/schema.org\",\"@graph\":[{\"@type\":\"WebPage\",\"@id\":\"https:\/\/canperetdelmoli.cat\/coaching\/qui-soc\/\",\"url\":\"https:\/\/canperetdelmoli.cat\/coaching\/qui-soc\/\",\"name\":\"Qui S\u00f3c - Coaching CanPeret del Moli\",\"isPartOf\":{\"@id\":\"https:\/\/canperetdelmoli.cat\/coaching\/#website\"},\"primaryImageOfPage\":{\"@id\":\"https:\/\/canperetdelmoli.cat\/coaching\/qui-soc\/#primaryimage\"},\"image\":{\"@id\":\"https:\/\/canperetdelmoli.cat\/coaching\/qui-soc\/#primaryimage\"},\"thumbnailUrl\":\"https:\/\/canperetdelmoli.cat\/coaching\/wp-content\/uploads\/2024\/01\/arnau2-1024x683.jpg\",\"datePublished\":\"2024-01-05T08:40:34+00:00\",\"dateModified\":\"2024-01-14T18:29:11+00:00\",\"breadcrumb\":{\"@id\":\"https:\/\/canperetdelmoli.cat\/coaching\/qui-soc\/#breadcrumb\"},\"inLanguage\":\"es\",\"potentialAction\":[{\"@type\":\"ReadAction\",\"target\":[\"https:\/\/canperetdelmoli.cat\/coaching\/qui-soc\/\"]}]},{\"@type\":\"ImageObject\",\"inLanguage\":\"es\",\"@id\":\"https:\/\/canperetdelmoli.cat\/coaching\/qui-soc\/#primaryimage\",\"url\":\"https:\/\/canperetdelmoli.cat\/coaching\/wp-content\/uploads\/2024\/01\/arnau2-1024x683.jpg\",\"contentUrl\":\"https:\/\/canperetdelmoli.cat\/coaching\/wp-content\/uploads\/2024\/01\/arnau2-1024x683.jpg\"},{\"@type\":\"BreadcrumbList\",\"@id\":\"https:\/\/canperetdelmoli.cat\/coaching\/qui-soc\/#breadcrumb\",\"itemListElement\":[{\"@type\":\"ListItem\",\"position\":1,\"name\":\"Inici\",\"item\":\"https:\/\/canperetdelmoli.cat\/coaching\/\"},{\"@type\":\"ListItem\",\"position\":2,\"name\":\"Qui S\u00f3c\"}]},{\"@type\":\"WebSite\",\"@id\":\"https:\/\/canperetdelmoli.cat\/coaching\/#website\",\"url\":\"https:\/\/canperetdelmoli.cat\/coaching\/\",\"name\":\"Coaching CanPeret del Moli\",\"description\":\"\",\"publisher\":{\"@id\":\"https:\/\/canperetdelmoli.cat\/coaching\/#\/schema\/person\/2232f6b2c28ff4fa727398dbd1ed6281\"},\"potentialAction\":[{\"@type\":\"SearchAction\",\"target\":{\"@type\":\"EntryPoint\",\"urlTemplate\":\"https:\/\/canperetdelmoli.cat\/coaching\/?s={search_term_string}\"},\"query-input\":{\"@type\":\"PropertyValueSpecification\",\"valueRequired\":true,\"valueName\":\"search_term_string\"}}],\"inLanguage\":\"es\"},{\"@type\":[\"Person\",\"Organization\"],\"@id\":\"https:\/\/canperetdelmoli.cat\/coaching\/#\/schema\/person\/2232f6b2c28ff4fa727398dbd1ed6281\",\"name\":\"Arnau Rubio\",\"image\":{\"@type\":\"ImageObject\",\"inLanguage\":\"es\",\"@id\":\"https:\/\/canperetdelmoli.cat\/coaching\/#\/schema\/person\/image\/\",\"url\":\"https:\/\/canperetdelmoli.cat\/coaching\/wp-content\/uploads\/2024\/01\/cropped-logo_web_coaching_600.png\",\"contentUrl\":\"https:\/\/canperetdelmoli.cat\/coaching\/wp-content\/uploads\/2024\/01\/cropped-logo_web_coaching_600.png\",\"width\":600,\"height\":597,\"caption\":\"Arnau Rubio\"},\"logo\":{\"@id\":\"https:\/\/canperetdelmoli.cat\/coaching\/#\/schema\/person\/image\/\"}}]}<\/script>\n<!-- \/ Yoast SEO plugin. -->","yoast_head_json":{"title":"Qui S\u00f3c - Coaching CanPeret del Moli","robots":{"index":"index","follow":"follow","max-snippet":"max-snippet:-1","max-image-preview":"max-image-preview:large","max-video-preview":"max-video-preview:-1"},"canonical":"https:\/\/canperetdelmoli.cat\/coaching\/es\/qui-soc\/","og_locale":"es_ES","og_type":"article","og_title":"Qui S\u00f3c - Coaching CanPeret del Moli","og_description":"Em dic Arnau Rubi\u00f3, s\u00f3c un noi que de ben jove ja estava molt lligat a la natura, sobretot fent excursions a la muntanya, caminant o fent esport. L\u2019any 2006 vaig tenir el meu primer contacte amb el m\u00f3n dels cavalls, on de tant en tant, anava a una h\u00edpica per aprendre a muntar i ... Leer m\u00e1s","og_url":"https:\/\/canperetdelmoli.cat\/coaching\/es\/qui-soc\/","og_site_name":"Coaching CanPeret del Moli","article_modified_time":"2024-01-14T18:29:11+00:00","og_image":[{"url":"https:\/\/canperetdelmoli.cat\/coaching\/wp-content\/uploads\/2024\/01\/arnau2-1024x683.jpg","type":"","width":"","height":""}],"twitter_card":"summary_large_image","twitter_misc":{"Tiempo de lectura":"4 minutos"},"schema":{"@context":"https:\/\/schema.org","@graph":[{"@type":"WebPage","@id":"https:\/\/canperetdelmoli.cat\/coaching\/qui-soc\/","url":"https:\/\/canperetdelmoli.cat\/coaching\/qui-soc\/","name":"Qui S\u00f3c - Coaching CanPeret del Moli","isPartOf":{"@id":"https:\/\/canperetdelmoli.cat\/coaching\/#website"},"primaryImageOfPage":{"@id":"https:\/\/canperetdelmoli.cat\/coaching\/qui-soc\/#primaryimage"},"image":{"@id":"https:\/\/canperetdelmoli.cat\/coaching\/qui-soc\/#primaryimage"},"thumbnailUrl":"https:\/\/canperetdelmoli.cat\/coaching\/wp-content\/uploads\/2024\/01\/arnau2-1024x683.jpg","datePublished":"2024-01-05T08:40:34+00:00","dateModified":"2024-01-14T18:29:11+00:00","breadcrumb":{"@id":"https:\/\/canperetdelmoli.cat\/coaching\/qui-soc\/#breadcrumb"},"inLanguage":"es","potentialAction":[{"@type":"ReadAction","target":["https:\/\/canperetdelmoli.cat\/coaching\/qui-soc\/"]}]},{"@type":"ImageObject","inLanguage":"es","@id":"https:\/\/canperetdelmoli.cat\/coaching\/qui-soc\/#primaryimage","url":"https:\/\/canperetdelmoli.cat\/coaching\/wp-content\/uploads\/2024\/01\/arnau2-1024x683.jpg","contentUrl":"https:\/\/canperetdelmoli.cat\/coaching\/wp-content\/uploads\/2024\/01\/arnau2-1024x683.jpg"},{"@type":"BreadcrumbList","@id":"https:\/\/canperetdelmoli.cat\/coaching\/qui-soc\/#breadcrumb","itemListElement":[{"@type":"ListItem","position":1,"name":"Inici","item":"https:\/\/canperetdelmoli.cat\/coaching\/"},{"@type":"ListItem","position":2,"name":"Qui S\u00f3c"}]},{"@type":"WebSite","@id":"https:\/\/canperetdelmoli.cat\/coaching\/#website","url":"https:\/\/canperetdelmoli.cat\/coaching\/","name":"Coaching CanPeret del Moli","description":"","publisher":{"@id":"https:\/\/canperetdelmoli.cat\/coaching\/#\/schema\/person\/2232f6b2c28ff4fa727398dbd1ed6281"},"potentialAction":[{"@type":"SearchAction","target":{"@type":"EntryPoint","urlTemplate":"https:\/\/canperetdelmoli.cat\/coaching\/?s={search_term_string}"},"query-input":{"@type":"PropertyValueSpecification","valueRequired":true,"valueName":"search_term_string"}}],"inLanguage":"es"},{"@type":["Person","Organization"],"@id":"https:\/\/canperetdelmoli.cat\/coaching\/#\/schema\/person\/2232f6b2c28ff4fa727398dbd1ed6281","name":"Arnau Rubio","image":{"@type":"ImageObject","inLanguage":"es","@id":"https:\/\/canperetdelmoli.cat\/coaching\/#\/schema\/person\/image\/","url":"https:\/\/canperetdelmoli.cat\/coaching\/wp-content\/uploads\/2024\/01\/cropped-logo_web_coaching_600.png","contentUrl":"https:\/\/canperetdelmoli.cat\/coaching\/wp-content\/uploads\/2024\/01\/cropped-logo_web_coaching_600.png","width":600,"height":597,"caption":"Arnau Rubio"},"logo":{"@id":"https:\/\/canperetdelmoli.cat\/coaching\/#\/schema\/person\/image\/"}}]}},"_links":{"self":[{"href":"https:\/\/canperetdelmoli.cat\/coaching\/es\/wp-json\/wp\/v2\/pages\/18","targetHints":{"allow":["GET"]}}],"collection":[{"href":"https:\/\/canperetdelmoli.cat\/coaching\/es\/wp-json\/wp\/v2\/pages"}],"about":[{"href":"https:\/\/canperetdelmoli.cat\/coaching\/es\/wp-json\/wp\/v2\/types\/page"}],"author":[{"embeddable":true,"href":"https:\/\/canperetdelmoli.cat\/coaching\/es\/wp-json\/wp\/v2\/users\/1"}],"replies":[{"embeddable":true,"href":"https:\/\/canperetdelmoli.cat\/coaching\/es\/wp-json\/wp\/v2\/comments?post=18"}],"version-history":[{"count":45,"href":"https:\/\/canperetdelmoli.cat\/coaching\/es\/wp-json\/wp\/v2\/pages\/18\/revisions"}],"predecessor-version":[{"id":252,"href":"https:\/\/canperetdelmoli.cat\/coaching\/es\/wp-json\/wp\/v2\/pages\/18\/revisions\/252"}],"wp:attachment":[{"href":"https:\/\/canperetdelmoli.cat\/coaching\/es\/wp-json\/wp\/v2\/media?parent=18"}],"curies":[{"name":"wp","href":"https:\/\/api.w.org\/{rel}","templated":true}]}}